{"id":10577,"date":"2025-01-22T16:27:02","date_gmt":"2025-01-22T21:27:02","guid":{"rendered":"https:\/\/www.key-fortress.com\/?page_id=10577"},"modified":"2025-03-03T22:43:24","modified_gmt":"2025-03-04T03:43:24","slug":"privacidad","status":"publish","type":"page","link":"https:\/\/www.keyfortress.com\/latam\/legal\/privacidad","title":{"rendered":"Pol\u00edtica de Privacidad"},"content":{"rendered":"<div class=\"wpb-content-wrapper\"><p>[vc_row css=\u00bb.vc_custom_1737581820215{margin-top: 100px !important;}\u00bb woodmart_css_id=\u00bb679164f804a0e\u00bb responsive_spacing=\u00bbeyJwYXJhbV90eXBlIjoid29vZG1hcnRfcmVzcG9uc2l2ZV9zcGFjaW5nIiwic2VsZWN0b3JfaWQiOiI2NzkxNjRmODA0YTBlIiwic2hvcnRjb2RlIjoidmNfcm93IiwiZGF0YSI6eyJ0YWJsZXQiOnsibWFyZ2luLXRvcCI6IjcwcHgifSwibW9iaWxlIjp7Im1hcmdpbi10b3AiOiI3MCJ9fX0=\u00bb mobile_bg_img_hidden=\u00bbno\u00bb tablet_bg_img_hidden=\u00bbno\u00bb woodmart_parallax=\u00bb0&#8243; woodmart_gradient_switch=\u00bbno\u00bb woodmart_box_shadow=\u00bbno\u00bb wd_z_index=\u00bbno\u00bb woodmart_disable_overflow=\u00bb0&#8243; row_reverse_mobile=\u00bb0&#8243; row_reverse_tablet=\u00bb0&#8243;][vc_column width=\u00bb1\/2&#8243;]\n\t\t<div id=\"wd-67c6739c2ae1d\" class=\"title-wrapper wd-wpb wd-set-mb reset-last-child  wd-rs-67c6739c2ae1d wd-title-color-default wd-title-style-default text-left  wd-underline-colored\">\n\t\t\t\n\t\t\t<div class=\"liner-continer\">\n\t\t\t\t<h4 class=\"woodmart-title-container title  wd-font-weight- wd-fontsize-l\" >Pol\u00edtica de Privacidad<\/h4>\n\t\t\t\t\t\t\t<\/div>\n\t\t\t\n\t\t\t\n\t\t\t\n\t\t<\/div>\n\t\t\n\t\t[vc_column_text css=\u00bb\u00bb woodmart_inline=\u00bbno\u00bb text_larger=\u00bbyes\u00bb]<\/p>\n<p data-sourcepos=\"3:1-3:285\">Su privacidad es importante para KeyFortress y las empresas del grupo (colectivamente, \u00abKeyFortress\u00bb, \u00abnosotros\u00bb o \u00abnuestro\u00bb). Este aviso explica qu\u00e9 informaci\u00f3n recopilamos o procesamos sobre usted y c\u00f3mo la utilizamos cuando interact\u00faa con nuestros servicios, productos y sitios web.<\/p>\n<h2 data-sourcepos=\"5:1-5:36\">Informaci\u00f3n recopilada y transmitida<\/h2>\n<p data-sourcepos=\"7:1-7:130\">KeyFortress recopila y transmite autom\u00e1ticamente datos sobre su uso de nuestros productos o servicios. Estos datos pueden incluir:<\/p>\n<ul data-sourcepos=\"9:1-12:0\">\n<li data-sourcepos=\"9:1-9:85\">Informaci\u00f3n de contacto del usuario, direcci\u00f3n de correo electr\u00f3nico y contrase\u00f1as;<\/li>\n<li data-sourcepos=\"10:1-10:104\">Estado de la Licencia de Software, informaci\u00f3n de la licencia, ID de la licencia y uso de la licencia;<\/li>\n<li data-sourcepos=\"11:1-12:0\">Nombre del host, IP y\/o configuraciones de configuraci\u00f3n de Productos, servicios y sitios web.<\/li>\n<\/ul>\n<h2 data-sourcepos=\"13:1-13:30\">C\u00f3mo utilizamos su informaci\u00f3n<\/h2>\n<p data-sourcepos=\"15:1-15:47\">La informaci\u00f3n que recopilamos se utiliza para:<\/p>\n<ul data-sourcepos=\"17:1-21:0\">\n<li data-sourcepos=\"17:1-17:99\">Proporcionar, habilitar y optimizar el rendimiento de nuestros productos, servicios y sitios web;<\/li>\n<li data-sourcepos=\"18:1-18:30\">Administraci\u00f3n de licencias;<\/li>\n<li data-sourcepos=\"19:1-19:110\">Investigaci\u00f3n y desarrollo internos, incluyendo la mejora de nuestros productos, servicios y sitios web; y\/o<\/li>\n<li data-sourcepos=\"20:1-21:0\">An\u00e1lisis estad\u00edstico de la implementaci\u00f3n de productos, incluyendo an\u00e1lisis de tendencias.<\/li>\n<\/ul>\n<p data-sourcepos=\"22:1-22:262\">Podemos usar su informaci\u00f3n para enviar contenido promocional, como boletines informativos o actualizaciones de productos, pero solo si nos da su permiso. Siempre cumpliremos con las leyes y regulaciones aplicables con respecto a las comunicaciones de marketing.<\/p>\n<p data-sourcepos=\"24:1-24:267\">Si se pone en contacto con nosotros para soporte t\u00e9cnico, cualquier informaci\u00f3n que proporcione se utilizar\u00e1 exclusivamente para diagnosticar y resolver su problema. Esto puede incluir la realizaci\u00f3n de an\u00e1lisis de errores para identificar la causa ra\u00edz del problema.<\/p>\n<h2 data-sourcepos=\"26:1-26:76\">C\u00f3mo utilizamos su informaci\u00f3n (Para Usuarios en USA, UE y Reino Unido)<\/h2>\n<p data-sourcepos=\"28:1-28:250\">Si se encuentra en los Estados Unidos (USA), el Espacio Econ\u00f3mico Europeo (UE) o el Reino Unido, los fundamentos legales en los que nos basamos para recopilar y usar su informaci\u00f3n dependen de los datos espec\u00edficos y de c\u00f3mo los utilizamos.<\/p>\n<p data-sourcepos=\"30:1-30:21\">Aqu\u00ed hay un desglose:<\/p>\n<ul data-sourcepos=\"32:1-36:0\">\n<li data-sourcepos=\"32:1-32:100\">Consentimiento: En algunos casos, le pediremos su permiso expl\u00edcito para recopilar su informaci\u00f3n.<\/li>\n<li data-sourcepos=\"33:1-33:153\">Cumplimiento del Contrato: A veces, necesitamos su informaci\u00f3n para cumplir un contrato con usted (por ejemplo, proporcionar un servicio que solicit\u00f3).<\/li>\n<li data-sourcepos=\"34:1-34:180\">Intereses Leg\u00edtimos: Podemos usar su informaci\u00f3n para nuestros leg\u00edtimos intereses comerciales, pero solo si esos intereses no entran en conflicto con sus derechos de privacidad.<\/li>\n<li data-sourcepos=\"35:1-36:0\">Obligaciones Legales: Ocasionalmente, la ley puede exigir que recopilemos cierta informaci\u00f3n de usted.<\/li>\n<\/ul>\n<h2 data-sourcepos=\"37:1-37:32\">D\u00f3nde almacenamos su informaci\u00f3n<\/h2>\n<p data-sourcepos=\"39:1-39:120\">La informaci\u00f3n que recopilamos a trav\u00e9s de nuestros productos, servicios y sitios web puede almacenarse y procesarse en:<\/p>\n<ul data-sourcepos=\"41:1-44:0\">\n<li data-sourcepos=\"41:1-41:103\">Nuestro centro de datos Microsoft Corporation, Amazon AWS e Inmotion Hosting, OVH, con sede en los Estados Unidos o Uni\u00f3n Europea.<\/li>\n<li data-sourcepos=\"42:1-42:42\">Nuestras instalaciones en todo el mundo.<\/li>\n<li data-sourcepos=\"43:1-44:0\">Las ubicaciones de nuestros proveedores de servicios en la UE y USA.<\/li>\n<\/ul>\n<h2 data-sourcepos=\"45:1-45:23\">Transferencias de Datos<\/h2>\n<p data-sourcepos=\"47:1-47:170\">Si se encuentra en el Espacio Econ\u00f3mico Europeo (UE), tomamos precauciones adicionales para proteger su informaci\u00f3n cuando se transfiere fuera de la UE. Hacemos esto por:<\/p>\n<ul data-sourcepos=\"49:1-51:0\">\n<li data-sourcepos=\"49:1-49:103\">Almacenarla en pa\u00edses aprobados por la Comisi\u00f3n Europea por sus s\u00f3lidas leyes de protecci\u00f3n de datos.<\/li>\n<li data-sourcepos=\"50:1-51:0\">Utilizar acuerdos legales rigurosos (Cl\u00e1usulas Contractuales Est\u00e1ndar) u otros m\u00e9todos aprobados para garantizar que su informaci\u00f3n permanezca protegida.<\/li>\n<\/ul>\n<h2 data-sourcepos=\"52:1-52:36\">Con qui\u00e9n compartimos su informaci\u00f3n<\/h2>\n<p data-sourcepos=\"54:1-54:180\">En KeyFortress, estamos comprometidos a proteger su privacidad. No vendemos, alquilamos, arrendamos ni divulgamos su informaci\u00f3n a otras empresas o terceros con fines de marketing ni de an\u00e1lisis de ning\u00fan tipo.<\/p>\n<h2 data-sourcepos=\"56:1-56:31\">C\u00f3mo compartimos su informaci\u00f3n<\/h2>\n<p data-sourcepos=\"58:1-58:451\">Como empresa global, es posible que necesitemos transferir su informaci\u00f3n dentro de KeyFortress para proporcionar nuestros productos y servicios. Esta informaci\u00f3n se almacenar\u00e1 y procesar\u00e1 de forma segura utilizando nuestros sistemas y herramientas globales. Solo los empleados y contratistas autorizados de KeyFortress tendr\u00e1n acceso a su informaci\u00f3n, y solo pueden usarla para los fines descritos en nuestra secci\u00f3n \u00abC\u00f3mo Utilizamos Su Informaci\u00f3n\u00bb.<\/p>\n<h2 data-sourcepos=\"60:1-60:38\">Compartir con Proveedores de Servicios<\/h2>\n<p data-sourcepos=\"62:1-62:275\">Para ayudarnos a proporcionar nuestros productos y servicios, podemos compartir su informaci\u00f3n con socios y proveedores confiables que procesan datos en nuestro nombre. Tomamos medidas para garantizar que estos socios tengan pr\u00e1cticas s\u00f3lidas de protecci\u00f3n de datos en vigor.<\/p>\n<p>[\/vc_column_text][\/vc_column][vc_column width=\u00bb1\/2&#8243; css=\u00bb.vc_custom_1738885250851{margin-top: 80px !important;}\u00bb woodmart_css_id=\u00bb67a5487e3c123&#8243; parallax_scroll=\u00bbno\u00bb woodmart_sticky_column=\u00bbfalse\u00bb wd_collapsible_content_switcher=\u00bbno\u00bb wd_column_role_offcanvas_desktop=\u00bbno\u00bb wd_column_role_offcanvas_tablet=\u00bbno\u00bb wd_column_role_offcanvas_mobile=\u00bbno\u00bb wd_column_role_content_desktop=\u00bbno\u00bb wd_column_role_content_tablet=\u00bbno\u00bb wd_column_role_content_mobile=\u00bbno\u00bb mobile_bg_img_hidden=\u00bbno\u00bb tablet_bg_img_hidden=\u00bbno\u00bb woodmart_parallax=\u00bb0&#8243; woodmart_box_shadow=\u00bbno\u00bb responsive_spacing=\u00bbeyJwYXJhbV90eXBlIjoid29vZG1hcnRfcmVzcG9uc2l2ZV9zcGFjaW5nIiwic2VsZWN0b3JfaWQiOiI2N2E1NDg3ZTNjMTIzIiwic2hvcnRjb2RlIjoidmNfY29sdW1uIiwiZGF0YSI6eyJ0YWJsZXQiOnt9LCJtb2JpbGUiOnt9fX0=\u00bb mobile_reset_margin=\u00bbno\u00bb tablet_reset_margin=\u00bbno\u00bb wd_z_index=\u00bbno\u00bb][vc_column_text css=\u00bb\u00bb woodmart_inline=\u00bbno\u00bb text_larger=\u00bbyes\u00bb]<\/p>\n<h2 data-sourcepos=\"3:1-3:26\">Colaboraci\u00f3n en Seguridad<\/h2>\n<p data-sourcepos=\"5:1-5:478\">En algunos casos, podemos compartir informaci\u00f3n limitada con investigadores de seguridad y proveedores de software para ayudar a mejorar nuestra postura general de seguridad y proteger a los usuarios contra amenazas emergentes. Esta informaci\u00f3n puede incluir datos recopilados a trav\u00e9s de nuestros productos y servicios o detalles que usted proporciona durante las interacciones de soporte t\u00e9cnico. Compartiremos solo la informaci\u00f3n m\u00ednima necesaria para lograr estos objetivos.<\/p>\n<h2 data-sourcepos=\"7:1-7:22\">Informaci\u00f3n Importante<\/h2>\n<p data-sourcepos=\"9:1-9:112\">En algunos casos, la ley puede exigirnos que divulguemos su informaci\u00f3n personal a funcionarios gubernamentales.<\/p>\n<p data-sourcepos=\"11:1-11:153\">Tambi\u00e9n es posible que necesitemos compartir su informaci\u00f3n con profesionales legales o financieros para obtener asesoramiento sobre asuntos importantes.<\/p>\n<p data-sourcepos=\"13:1-13:184\">A medida que nuestro negocio evoluciona, podemos optar por comprar o vender activos. En estas situaciones, la informaci\u00f3n del cliente generalmente se transfiere como parte del negocio.<\/p>\n<p data-sourcepos=\"15:1-15:230\">Si KeyFortress es adquirida, sale del mercado o sufre un cambio de control, su informaci\u00f3n puede transferirse a un nuevo propietario. Siempre intentaremos notificarle con anticipaci\u00f3n sobre tales eventos y explicarle sus opciones.<\/p>\n<h2 data-sourcepos=\"17:1-17:33\">Manteniendo su informaci\u00f3n segura<\/h2>\n<p data-sourcepos=\"19:1-19:172\">Nos tomamos su privacidad en serio y estamos comprometidos a proteger su informaci\u00f3n. Utilizamos una variedad de medidas de seguridad para lograr este objetivo, incluyendo:<\/p>\n<ul data-sourcepos=\"21:1-24:0\">\n<li data-sourcepos=\"21:1-21:113\">Salvaguardas organizacionales: Tenemos pol\u00edticas y procedimientos claros vigentes para proteger su informaci\u00f3n.<\/li>\n<li data-sourcepos=\"22:1-22:120\">Salvaguardas t\u00e9cnicas: Utilizamos cifrado s\u00f3lido y otras tecnolog\u00edas de seguridad para mantener su informaci\u00f3n segura.<\/li>\n<li data-sourcepos=\"23:1-24:0\">Salvaguardas f\u00edsicas: Controlamos el acceso a nuestras instalaciones y sistemas f\u00edsicos para evitar el acceso no autorizado.<\/li>\n<\/ul>\n<p data-sourcepos=\"25:1-25:135\">Estas medidas de seguridad est\u00e1n dise\u00f1adas para ser consistentes con las mejores pr\u00e1cticas internacionales para la protecci\u00f3n de datos.<\/p>\n<h2 data-sourcepos=\"27:1-27:56\">Importante para empresas que nos comparten datos de usuarios<\/h2>\n<p data-sourcepos=\"29:1-29:201\">Si proporciona a KeyFortress informaci\u00f3n personal sobre sus usuarios u otros terceros, usted es responsable de asegurarse de que cumplan con las leyes de privacidad de datos en su \u00e1rea. Esto significa:<\/p>\n<ul data-sourcepos=\"31:1-34:0\">\n<li data-sourcepos=\"31:1-31:113\">Ser Transparente: Debe informar a los usuarios o terceros que su informaci\u00f3n se est\u00e1 compartiendo con nosotros.<\/li>\n<li data-sourcepos=\"32:1-32:78\">Explicar el Uso: Inf\u00f3rmeles sobre c\u00f3mo KeyFortress utilizar\u00e1 su informaci\u00f3n.<\/li>\n<li data-sourcepos=\"33:1-34:0\">Obtener Consentimiento: Aseg\u00farese de tener los permisos adecuados de los usuarios o terceros antes de compartir su informaci\u00f3n.<\/li>\n<\/ul>\n<p data-sourcepos=\"35:1-35:140\">Esencialmente, contamos con usted para que maneje la privacidad del usuario de manera responsable antes de compartir sus datos con nosotros.<\/p>\n<h2 data-sourcepos=\"37:1-37:41\">Trabajando con las autoridades locales<\/h2>\n<p data-sourcepos=\"39:1-39:375\">KeyFortress puede, cuando lo exija la ley, cooperar con procesos legales o investigaciones de autoridades locales u otras agencias gubernamentales relacionadas con su uso de nuestros productos, servicios y sitios web. Esto significa que podemos divulgar documentos e informaci\u00f3n relevantes si recibimos una orden judicial, una orden de allanamiento u otra solicitud legal.<\/p>\n<h2 data-sourcepos=\"41:1-41:79\">Controlando su Informaci\u00f3n (Accediendo, Actualizando, Corrigiendo o Eliminando)<\/h2>\n<p data-sourcepos=\"43:1-43:47\">Tiene opciones para administrar su informaci\u00f3n:<\/p>\n<ul data-sourcepos=\"45:1-50:0\">\n<li data-sourcepos=\"45:1-45:94\"><strong>Ver y Actualizar:<\/strong> Puede acceder y editar gran parte de su informaci\u00f3n a trav\u00e9s de su cuenta.<\/li>\n<li data-sourcepos=\"46:1-46:82\"><strong>Obtener una Copia:<\/strong> Solicite una copia de la informaci\u00f3n que tenemos sobre usted.<\/li>\n<li data-sourcepos=\"47:1-47:100\"><strong>Realizar Cambios:<\/strong> P\u00eddanos que corrijamos, eliminemos o transfiramos su informaci\u00f3n a otra empresa.<\/li>\n<li data-sourcepos=\"48:1-48:134\"><strong>Oponerse al Procesamiento:<\/strong> En algunos casos, puede limitar c\u00f3mo usamos su informaci\u00f3n, como para la toma de decisiones automatizada.<\/li>\n<li data-sourcepos=\"49:1-50:0\"><strong>Retirar el Consentimiento:<\/strong> Si nos dio permiso para usar su informaci\u00f3n anteriormente, puede retirarlo en cualquier momento.<\/li>\n<\/ul>\n<p data-sourcepos=\"51:1-51:76\">Es posible que necesitemos conservar cierta informaci\u00f3n por motivos legales.<\/p>\n<h2 data-sourcepos=\"53:1-53:43\">Actualizaciones de este aviso de privacidad<\/h2>\n<p data-sourcepos=\"55:1-55:131\">Podemos actualizar ocasionalmente este aviso para reflejar cambios en nuestras pr\u00e1cticas o en la ley. Esto es lo que puede esperar:<\/p>\n<ul data-sourcepos=\"57:1-59:0\">\n<li data-sourcepos=\"57:1-57:111\">Aviso Claro: Anunciaremos de manera destacada cualquier cambio en este sitio web antes de que entre en vigor.<\/li>\n<li data-sourcepos=\"58:1-59:0\">Sus Derechos Protegidos: Si los cambios impactan significativamente c\u00f3mo usamos su informaci\u00f3n personal, le notificaremos y, posiblemente, le daremos la oportunidad de cancelar (dependiendo de la ley).<\/li>\n<\/ul>\n<h2 data-sourcepos=\"60:1-60:18\">\u00bfQuiere Saber M\u00e1s?<\/h2>\n<p data-sourcepos=\"62:1-62:152\">\u00bfTiene preguntas sobre este aviso o sobre las pr\u00e1cticas de privacidad de KeyFortress? P\u00f3ngase en contacto con nosotros en <strong>privacidad[arroba]keyfortress.com<\/strong>.<\/p>\n<p data-sourcepos=\"64:1-64:169\">Si tiene preguntas sobre el fundamento legal espec\u00edfico para recopilar sus datos, p\u00f3ngase en contacto con nosotros utilizando la informaci\u00f3n en la secci\u00f3n \u00ab<strong><a href=\"https:\/\/www.keyfortress.com\/latam\/contacto\/general\">Cont\u00e1ctenos<\/a><\/strong>\u00bb.<\/p>\n<p>[\/vc_column_text][\/vc_column][\/vc_row]<\/p>\n<\/div>","protected":false},"excerpt":{"rendered":"<p>[vc_row css=\u00bb.vc_custom_1737581820215{margin-top: 100px !important;}\u00bb woodmart_css_id=\u00bb679164f804a0e\u00bb responsive_spacing=\u00bbeyJwYXJhbV90eXBlIjoid29vZG1hcnRfcmVzcG9uc2l2ZV9zcGFjaW5nIiwic2VsZWN0b3JfaWQiOiI2NzkxNjRmODA0YTBlIiwic2hvcnRjb2RlIjoidmNfcm93IiwiZGF0YSI6eyJ0YWJsZXQiOnsibWFyZ2luLXRvcCI6IjcwcHgifSwibW9iaWxlIjp7Im1hcmdpbi10b3AiOiI3MCJ9fX0=\u00bb mobile_bg_img_hidden=\u00bbno\u00bb tablet_bg_img_hidden=\u00bbno\u00bb woodmart_parallax=\u00bb0&#8243; woodmart_gradient_switch=\u00bbno\u00bb woodmart_box_shadow=\u00bbno\u00bb wd_z_index=\u00bbno\u00bb woodmart_disable_overflow=\u00bb0&#8243; row_reverse_mobile=\u00bb0&#8243; row_reverse_tablet=\u00bb0&#8243;][vc_column width=\u00bb1\/2&#8243;][vc_column_text css=\u00bb\u00bb woodmart_inline=\u00bbno\u00bb text_larger=\u00bbyes\u00bb] Su<\/p>\n","protected":false},"author":1,"featured_media":0,"parent":10579,"menu_order":0,"comment_status":"closed","ping_status":"closed","template":"","meta":{"inline_featured_image":false,"footnotes":""},"class_list":["post-10577","page","type-page","status-publish","hentry"],"_links":{"self":[{"href":"https:\/\/www.keyfortress.com\/latam\/wp-json\/wp\/v2\/pages\/10577","targetHints":{"allow":["GET"]}}],"collection":[{"href":"https:\/\/www.keyfortress.com\/latam\/wp-json\/wp\/v2\/pages"}],"about":[{"href":"https:\/\/www.keyfortress.com\/latam\/wp-json\/wp\/v2\/types\/page"}],"author":[{"embeddable":true,"href":"https:\/\/www.keyfortress.com\/latam\/wp-json\/wp\/v2\/users\/1"}],"replies":[{"embeddable":true,"href":"https:\/\/www.keyfortress.com\/latam\/wp-json\/wp\/v2\/comments?post=10577"}],"version-history":[{"count":4,"href":"https:\/\/www.keyfortress.com\/latam\/wp-json\/wp\/v2\/pages\/10577\/revisions"}],"predecessor-version":[{"id":12573,"href":"https:\/\/www.keyfortress.com\/latam\/wp-json\/wp\/v2\/pages\/10577\/revisions\/12573"}],"up":[{"embeddable":true,"href":"https:\/\/www.keyfortress.com\/latam\/wp-json\/wp\/v2\/pages\/10579"}],"wp:attachment":[{"href":"https:\/\/www.keyfortress.com\/latam\/wp-json\/wp\/v2\/media?parent=10577"}],"curies":[{"name":"wp","href":"https:\/\/api.w.org\/{rel}","templated":true}]}}