{"id":10601,"date":"2025-01-22T16:54:45","date_gmt":"2025-01-22T21:54:45","guid":{"rendered":"https:\/\/www.key-fortress.com\/?page_id=10601"},"modified":"2025-05-18T13:34:45","modified_gmt":"2025-05-18T18:34:45","slug":"cookies","status":"publish","type":"page","link":"https:\/\/www.keyfortress.com\/latam\/legal\/cookies","title":{"rendered":"Declaraci\u00f3n de Cookies"},"content":{"rendered":"<div class=\"wpb-content-wrapper\"><p>[vc_row css=\u00bb.vc_custom_1737581820215{margin-top: 100px !important;}\u00bb woodmart_css_id=\u00bb679164f804a0e\u00bb responsive_spacing=\u00bbeyJwYXJhbV90eXBlIjoid29vZG1hcnRfcmVzcG9uc2l2ZV9zcGFjaW5nIiwic2VsZWN0b3JfaWQiOiI2NzkxNjRmODA0YTBlIiwic2hvcnRjb2RlIjoidmNfcm93IiwiZGF0YSI6eyJ0YWJsZXQiOnsibWFyZ2luLXRvcCI6IjcwcHgifSwibW9iaWxlIjp7Im1hcmdpbi10b3AiOiI3MCJ9fX0=\u00bb mobile_bg_img_hidden=\u00bbno\u00bb tablet_bg_img_hidden=\u00bbno\u00bb woodmart_parallax=\u00bb0&#8243; woodmart_gradient_switch=\u00bbno\u00bb woodmart_box_shadow=\u00bbno\u00bb wd_z_index=\u00bbno\u00bb woodmart_disable_overflow=\u00bb0&#8243; row_reverse_mobile=\u00bb0&#8243; row_reverse_tablet=\u00bb0&#8243;][vc_column]\n\t\t<div id=\"wd-67c6772cad644\" class=\"title-wrapper wd-wpb wd-set-mb reset-last-child  wd-rs-67c6772cad644 wd-title-color-default wd-title-style-default text-left  wd-underline-colored\">\n\t\t\t\n\t\t\t<div class=\"liner-continer\">\n\t\t\t\t<h4 class=\"woodmart-title-container title  wd-font-weight- wd-fontsize-l\" >Declaraci\u00f3n de Cookies<\/h4>\n\t\t\t\t\t\t\t<\/div>\n\t\t\t\n\t\t\t\n\t\t\t\n\t\t<\/div>\n\t\t\n\t\t[vc_column_text css=\u00bb\u00bb woodmart_inline=\u00bbno\u00bb text_larger=\u00bbyes\u00bb]<\/p>\n<div class=\"page-container top-offset bottom-offset\">\n<div id=\"primary\" class=\"content-area\">\n<div class=\"page-content\">\n<article id=\"post-228307\" class=\"post-228307 page type-page status-publish hentry\">\n<div class=\"entry-content\">\n<div class=\"page-container top-offset bottom-offset\">\n<div id=\"primary\" class=\"content-area\">\n<div class=\"page-content\">\n<article id=\"post-228307\" class=\"post-228307 page type-page status-publish hentry\">\n<div class=\"entry-content\">\n<p data-sourcepos=\"3:1-3:143\">Utilizamos cookies para mejorar su experiencia en nuestro sitio web. Al navegar en nuestro sitio web www.keyfortress.com, usted acepta nuestra pol\u00edtica de cookies.<\/p>\n<p data-sourcepos=\"5:1-5:56\"><strong>Existen dos tipos principales de cookies que utilizamos:<\/strong><\/p>\n<ul data-sourcepos=\"7:1-9:0\">\n<li data-sourcepos=\"7:1-7:182\"><strong>Cookies Necesarias o <\/strong><span class=\"citation-0 citation-end-0 interactive-span-selected-v2\"><strong>Esenciales:<\/strong> Estas cookies son necesarias para que nuestro sitio web funcione correctamente. No recopilan ninguna informaci\u00f3n personal <\/span>sobre usted.<\/li>\n<li data-sourcepos=\"7:1-7:182\"><strong>Cookies de Terceros:<\/strong> Estas cookies nos ayudan a entender c\u00f3mo las personas utilizan nuestro sitio web, a mantenerlo seguro y a mostrar anuncios relevantes para usted.<\/li>\n<\/ul>\n<h2 data-sourcepos=\"10:1-10:30\">Tipos de Cookies por Funciones<\/h2>\n<p data-sourcepos=\"12:1-12:10\"><strong>Necesarias<\/strong><\/p>\n<ul data-sourcepos=\"14:1-15:0\">\n<li data-sourcepos=\"14:1-15:0\"><strong>Cookies Esenciales:<\/strong> Estas cookies son la base de nuestro sitio web, permiti\u00e9ndole iniciar sesi\u00f3n de forma segura, gestionar sus configuraciones de cookies y navegar sin problemas. No almacenan ninguna informaci\u00f3n personal sobre usted.<\/li>\n<\/ul>\n<p data-sourcepos=\"16:1-16:11\"><strong>Funcionales<\/strong><\/p>\n<p data-sourcepos=\"18:1-18:158\">Utilizamos cookies funcionales para facilitar el intercambio de contenido, proporcionar comentarios y acceder a otros recursos \u00fatiles de proveedores terceros.<\/p>\n<p data-sourcepos=\"20:1-20:10\"><strong>Anal\u00edticas<\/strong><\/p>\n<ul data-sourcepos=\"22:1-23:0\">\n<li data-sourcepos=\"22:1-23:0\">Insights del Sitio Web: Utilizamos cookies anal\u00edticas para recopilar datos sobre c\u00f3mo los visitantes interact\u00faan con nuestro sitio web. Esto incluye informaci\u00f3n como el n\u00famero de visitantes, de d\u00f3nde vienen y cu\u00e1nto tiempo permanecen en cada p\u00e1gina.<\/li>\n<\/ul>\n<p data-sourcepos=\"24:1-24:9\"><strong>Desempe\u00f1o<\/strong><\/p>\n<p data-sourcepos=\"26:1-26:186\">Utilizamos cookies de desempe\u00f1o para analizar c\u00f3mo funciona nuestro sitio web. Esto nos ayuda a identificar \u00e1reas de mejora y garantizar una experiencia fluida para todos los visitantes.<\/p>\n<p data-sourcepos=\"28:1-28:10\"><strong>Publicidad<\/strong><\/p>\n<ul data-sourcepos=\"30:1-31:0\">\n<li data-sourcepos=\"30:1-31:0\">Anuncios Personalizados y Rastreo de Desempe\u00f1o: Utilizamos cookies para mostrar anuncios relevantes para usted, basados en las p\u00e1ginas que ha visitado en nuestro sitio web. Esto nos ayuda a entender la eficacia de nuestras campa\u00f1as publicitarias y nos permite mostrar anuncios con mayor probabilidad de su inter\u00e9s.<\/li>\n<\/ul>\n<h2 data-sourcepos=\"32:1-32:33\">Gestionar preferencias de cookies<\/h2>\n<p data-sourcepos=\"34:1-34:191\">Haga clic en el bot\u00f3n de abajo para ajustar sus configuraciones de cookies. Esto le permite controlar c\u00f3mo personalizamos su experiencia y le permite ajustar sus preferencias cuando lo desee.<\/p>\n<ul data-sourcepos=\"36:1-36:79\">\n<li data-sourcepos=\"36:1-36:79\"><a href=\"https:\/\/allaboutcookies.org\/how-to-manage-cookies\"><strong>Guia: C\u00f3mo activar y desactivar cookies en todos los navegadores web &#8211; English Only [ext]<\/strong><\/a><\/li>\n<\/ul>\n<\/div>\n<\/article>\n<\/div>\n<\/div>\n<\/div>\n<p>&nbsp;<\/p>\n<\/div>\n<\/article>\n<\/div>\n<\/div>\n<\/div>\n<p>[\/vc_column_text][\/vc_column][\/vc_row]<\/p>\n<\/div>","protected":false},"excerpt":{"rendered":"<p>[vc_row css=\u00bb.vc_custom_1737581820215{margin-top: 100px !important;}\u00bb woodmart_css_id=\u00bb679164f804a0e\u00bb responsive_spacing=\u00bbeyJwYXJhbV90eXBlIjoid29vZG1hcnRfcmVzcG9uc2l2ZV9zcGFjaW5nIiwic2VsZWN0b3JfaWQiOiI2NzkxNjRmODA0YTBlIiwic2hvcnRjb2RlIjoidmNfcm93IiwiZGF0YSI6eyJ0YWJsZXQiOnsibWFyZ2luLXRvcCI6IjcwcHgifSwibW9iaWxlIjp7Im1hcmdpbi10b3AiOiI3MCJ9fX0=\u00bb mobile_bg_img_hidden=\u00bbno\u00bb tablet_bg_img_hidden=\u00bbno\u00bb woodmart_parallax=\u00bb0&#8243; woodmart_gradient_switch=\u00bbno\u00bb woodmart_box_shadow=\u00bbno\u00bb wd_z_index=\u00bbno\u00bb woodmart_disable_overflow=\u00bb0&#8243; row_reverse_mobile=\u00bb0&#8243; row_reverse_tablet=\u00bb0&#8243;][vc_column][vc_column_text css=\u00bb\u00bb woodmart_inline=\u00bbno\u00bb text_larger=\u00bbyes\u00bb] Utilizamos cookies<\/p>\n","protected":false},"author":1,"featured_media":0,"parent":10579,"menu_order":0,"comment_status":"closed","ping_status":"closed","template":"","meta":{"inline_featured_image":false,"footnotes":""},"class_list":["post-10601","page","type-page","status-publish","hentry"],"_links":{"self":[{"href":"https:\/\/www.keyfortress.com\/latam\/wp-json\/wp\/v2\/pages\/10601","targetHints":{"allow":["GET"]}}],"collection":[{"href":"https:\/\/www.keyfortress.com\/latam\/wp-json\/wp\/v2\/pages"}],"about":[{"href":"https:\/\/www.keyfortress.com\/latam\/wp-json\/wp\/v2\/types\/page"}],"author":[{"embeddable":true,"href":"https:\/\/www.keyfortress.com\/latam\/wp-json\/wp\/v2\/users\/1"}],"replies":[{"embeddable":true,"href":"https:\/\/www.keyfortress.com\/latam\/wp-json\/wp\/v2\/comments?post=10601"}],"version-history":[{"count":6,"href":"https:\/\/www.keyfortress.com\/latam\/wp-json\/wp\/v2\/pages\/10601\/revisions"}],"predecessor-version":[{"id":12869,"href":"https:\/\/www.keyfortress.com\/latam\/wp-json\/wp\/v2\/pages\/10601\/revisions\/12869"}],"up":[{"embeddable":true,"href":"https:\/\/www.keyfortress.com\/latam\/wp-json\/wp\/v2\/pages\/10579"}],"wp:attachment":[{"href":"https:\/\/www.keyfortress.com\/latam\/wp-json\/wp\/v2\/media?parent=10601"}],"curies":[{"name":"wp","href":"https:\/\/api.w.org\/{rel}","templated":true}]}}