{"id":11133,"date":"2025-01-31T16:12:43","date_gmt":"2025-01-31T21:12:43","guid":{"rendered":"https:\/\/www.key-fortress.com\/?page_id=11107"},"modified":"2025-03-10T10:43:39","modified_gmt":"2025-03-10T15:43:39","slug":"banca-finanzas","status":"publish","type":"page","link":"https:\/\/www.keyfortress.com\/latam\/industrias\/banca-finanzas","title":{"rendered":"Transferencia y Cifrado de Archivos para el Sector Financiero"},"content":{"rendered":"<div class=\"wpb-content-wrapper\"><p>[vc_row css=\u00bb.vc_custom_1738364534075{margin-top: 110px !important;}\u00bb woodmart_css_id=\u00bb679d5672762fe\u00bb responsive_spacing=\u00bbeyJwYXJhbV90eXBlIjoid29vZG1hcnRfcmVzcG9uc2l2ZV9zcGFjaW5nIiwic2VsZWN0b3JfaWQiOiI2NzlkNTY3Mjc2MmZlIiwic2hvcnRjb2RlIjoidmNfcm93IiwiZGF0YSI6eyJ0YWJsZXQiOnt9LCJtb2JpbGUiOnt9fX0=\u00bb mobile_bg_img_hidden=\u00bbno\u00bb tablet_bg_img_hidden=\u00bbno\u00bb woodmart_parallax=\u00bb0&#8243; woodmart_gradient_switch=\u00bbno\u00bb woodmart_box_shadow=\u00bbno\u00bb wd_z_index=\u00bbno\u00bb woodmart_disable_overflow=\u00bb0&#8243; row_reverse_mobile=\u00bb0&#8243; row_reverse_tablet=\u00bb0&#8243;][vc_column width=\u00bb2\/3&#8243;][vc_column_text css=\u00bb\u00bb woodmart_inline=\u00bbno\u00bb text_larger=\u00bbyes\u00bb]<strong><a href=\"\/latam\/Home\">Inicio<\/a><\/strong> <span class=\"BxUVEf ILfuVd\" lang=\"es\"><span class=\"hgKElc\">\u00bb<\/span><\/span> <a href=\"\/latam\/industrias\"><strong>Por Industrias<\/strong><\/a> <span class=\"BxUVEf ILfuVd\" lang=\"es\"><span class=\"hgKElc\">\u00bb<\/span><\/span> Banca y Finanzas[\/vc_column_text]\n\t\t<div id=\"wd-67c6816ea1a3a\" class=\"title-wrapper wd-wpb wd-set-mb reset-last-child  wd-rs-67c6816ea1a3a wd-title-color-default wd-title-style-default text-left  wd-underline-colored\">\n\t\t\t\n\t\t\t<div class=\"liner-continer\">\n\t\t\t\t<h4 class=\"woodmart-title-container title  wd-font-weight-600 wd-fontsize-l\" >Transferencia y Cifrado de Archivos para el Sector Financiero<\/h4>\n\t\t\t\t\t\t\t<\/div>\n\t\t\t\n\t\t\t\t\t\t\t<div class=\"title-after_title reset-last-child  wd-fontsize-xs\">Mantener su informaci\u00f3n y comunicaciones debidamente protegidas con tecnolog\u00edas de cifrado es fundamental para la continuidad de su negocio financiero.<\/div>\n\t\t\t\n\t\t\t\n\t\t<\/div>\n\t\t\n\t\t[vc_single_image image=\u00bb12744&#8243; img_size=\u00bbfull\u00bb alignment=\u00bbcenter\u00bb css=\u00bb.vc_custom_1741620918762{background-color: #F7F7F700 !important;}\u00bb parallax_scroll=\u00bbno\u00bb woodmart_inline=\u00bbno\u00bb][vc_column_text css=\u00bb\u00bb woodmart_inline=\u00bbno\u00bb text_larger=\u00bbno\u00bb]<\/p>\n<div class=\"avatar_spinner_animation ng-tns-c4018479735-29 ng-star-inserted\">\n<div id=\"model-response-message-contentr_7fa366a9ef2e6c2c\" class=\"markdown markdown-main-panel\" dir=\"ltr\">\n<h3 data-sourcepos=\"1:1-1:38\">\u00bfC\u00f3mo funcionan el cifrado y el descifrado?<\/h3>\n<\/div>\n<\/div>\n<p>[\/vc_column_text][vc_column_text css=\u00bb\u00bb woodmart_inline=\u00bbno\u00bb text_larger=\u00bbyes\u00bb]<\/p>\n<div class=\"avatar_spinner_animation ng-tns-c4018479735-29 ng-star-inserted\">\n<div id=\"model-response-message-contentr_7fa366a9ef2e6c2c\" class=\"markdown markdown-main-panel\" dir=\"ltr\">\n<p data-sourcepos=\"7:1-7:325\">El est\u00e1ndar de cifrado PGP utiliza dos claves separadas: una para el cifrado (la clave p\u00fablica) y otra para el descifrado (la clave privada), un tipo de cifrado asim\u00e9trico. Este est\u00e1ndar es ideal para operaciones bancarias host-to-host y para cifrar archivos en reposo. PGP es el principal est\u00e1ndar de cifrado de KeyFortress.<\/p>\n<\/div>\n<\/div>\n<p>[\/vc_column_text][vc_single_image image=\u00bb12447&#8243; img_size=\u00bbfull\u00bb alignment=\u00bbcenter\u00bb css=\u00bb.vc_custom_1741621417636{background-color: #F7F7F700 !important;}\u00bb parallax_scroll=\u00bbno\u00bb woodmart_inline=\u00bbno\u00bb][vc_column_text css=\u00bb\u00bb woodmart_inline=\u00bbno\u00bb text_larger=\u00bbyes\u00bb]<\/p>\n<div class=\"avatar_spinner_animation ng-tns-c4018479735-29 ng-star-inserted\">\n<div id=\"model-response-message-contentr_7fa366a9ef2e6c2c\" class=\"markdown markdown-main-panel\" dir=\"ltr\">\n<p data-sourcepos=\"1:1-1:38\">Estos est\u00e1ndares ofrecen diferentes niveles de seguridad, longitudes de clave y caracter\u00edsticas de rendimiento para cifrar y descifrar archivos en diversas plataformas y casos de uso.<\/p>\n<\/div>\n<\/div>\n<p>[\/vc_column_text][\/vc_column][vc_column width=\u00bb1\/3&#8243; css=\u00bb.vc_custom_1738331078555{margin-top: 50px !important;}\u00bb woodmart_css_id=\u00bb679cd3c298512&#8243; parallax_scroll=\u00bbno\u00bb woodmart_sticky_column=\u00bbfalse\u00bb wd_collapsible_content_switcher=\u00bbno\u00bb wd_column_role_offcanvas_desktop=\u00bbno\u00bb wd_column_role_offcanvas_tablet=\u00bbno\u00bb wd_column_role_offcanvas_mobile=\u00bbno\u00bb wd_column_role_content_desktop=\u00bbno\u00bb wd_column_role_content_tablet=\u00bbno\u00bb wd_column_role_content_mobile=\u00bbno\u00bb mobile_bg_img_hidden=\u00bbno\u00bb tablet_bg_img_hidden=\u00bbno\u00bb woodmart_parallax=\u00bb0&#8243; woodmart_box_shadow=\u00bbno\u00bb responsive_spacing=\u00bbeyJwYXJhbV90eXBlIjoid29vZG1hcnRfcmVzcG9uc2l2ZV9zcGFjaW5nIiwic2VsZWN0b3JfaWQiOiI2NzljZDNjMjk4NTEyIiwic2hvcnRjb2RlIjoidmNfY29sdW1uIiwiZGF0YSI6eyJ0YWJsZXQiOnt9LCJtb2JpbGUiOnt9fX0=\u00bb mobile_reset_margin=\u00bbno\u00bb tablet_reset_margin=\u00bbno\u00bb wd_z_index=\u00bbno\u00bb]\n\t\t<div id=\"wd-67c6811a104a8\" class=\"title-wrapper wd-wpb wd-set-mb reset-last-child  wd-rs-67c6811a104a8 wd-title-color-default wd-title-style-default text-left  wd-underline-colored\">\n\t\t\t\n\t\t\t<div class=\"liner-continer\">\n\t\t\t\t<h4 class=\"woodmart-title-container title  wd-font-weight- wd-fontsize-l\" >\u00bfListo(a) para probar KeyFortress\u2122 Workstation?<\/h4>\n\t\t\t\t\t\t\t<\/div>\n\t\t\t\n\t\t\t\n\t\t\t\n\t\t<\/div>\n\t\t\n\t\t<div class=\"wpb-content-wrapper\">[vc_row][vc_column][vc_raw_html css=\"\"]JTNDc2NyaXB0JTIwc3JjJTNEJTIyaHR0cHMlM0ElMkYlMkZ3d3cuY29nbml0b2Zvcm1zLmNvbSUyRmYlMkZzZWFtbGVzcy5qcyUyMiUyMGRhdGEta2V5JTNEJTIyM0syZzdQelM5MG1LVWlSTkdUQ0dFZyUyMiUyMGRhdGEtZm9ybSUzRCUyMjI3JTIyJTNFJTNDJTJGc2NyaXB0JTNF[\/vc_raw_html][\/vc_column][\/vc_row]<\/div>[\/vc_column][\/vc_row]<\/p>\n<\/div>","protected":false},"excerpt":{"rendered":"<p>[vc_row css=\u00bb.vc_custom_1738364534075{margin-top: 110px !important;}\u00bb woodmart_css_id=\u00bb679d5672762fe\u00bb responsive_spacing=\u00bbeyJwYXJhbV90eXBlIjoid29vZG1hcnRfcmVzcG9uc2l2ZV9zcGFjaW5nIiwic2VsZWN0b3JfaWQiOiI2NzlkNTY3Mjc2MmZlIiwic2hvcnRjb2RlIjoidmNfcm93IiwiZGF0YSI6eyJ0YWJsZXQiOnt9LCJtb2JpbGUiOnt9fX0=\u00bb mobile_bg_img_hidden=\u00bbno\u00bb tablet_bg_img_hidden=\u00bbno\u00bb woodmart_parallax=\u00bb0&#8243; woodmart_gradient_switch=\u00bbno\u00bb woodmart_box_shadow=\u00bbno\u00bb wd_z_index=\u00bbno\u00bb woodmart_disable_overflow=\u00bb0&#8243; row_reverse_mobile=\u00bb0&#8243; row_reverse_tablet=\u00bb0&#8243;][vc_column width=\u00bb2\/3&#8243;][vc_column_text css=\u00bb\u00bb woodmart_inline=\u00bbno\u00bb text_larger=\u00bbyes\u00bb]Inicio \u00bb<\/p>\n","protected":false},"author":1,"featured_media":0,"parent":10754,"menu_order":0,"comment_status":"closed","ping_status":"closed","template":"","meta":{"inline_featured_image":false,"footnotes":""},"class_list":["post-11133","page","type-page","status-publish","hentry"],"_links":{"self":[{"href":"https:\/\/www.keyfortress.com\/latam\/wp-json\/wp\/v2\/pages\/11133","targetHints":{"allow":["GET"]}}],"collection":[{"href":"https:\/\/www.keyfortress.com\/latam\/wp-json\/wp\/v2\/pages"}],"about":[{"href":"https:\/\/www.keyfortress.com\/latam\/wp-json\/wp\/v2\/types\/page"}],"author":[{"embeddable":true,"href":"https:\/\/www.keyfortress.com\/latam\/wp-json\/wp\/v2\/users\/1"}],"replies":[{"embeddable":true,"href":"https:\/\/www.keyfortress.com\/latam\/wp-json\/wp\/v2\/comments?post=11133"}],"version-history":[{"count":13,"href":"https:\/\/www.keyfortress.com\/latam\/wp-json\/wp\/v2\/pages\/11133\/revisions"}],"predecessor-version":[{"id":12750,"href":"https:\/\/www.keyfortress.com\/latam\/wp-json\/wp\/v2\/pages\/11133\/revisions\/12750"}],"up":[{"embeddable":true,"href":"https:\/\/www.keyfortress.com\/latam\/wp-json\/wp\/v2\/pages\/10754"}],"wp:attachment":[{"href":"https:\/\/www.keyfortress.com\/latam\/wp-json\/wp\/v2\/media?parent=11133"}],"curies":[{"name":"wp","href":"https:\/\/api.w.org\/{rel}","templated":true}]}}