{"id":11381,"date":"2025-02-08T20:47:30","date_gmt":"2025-02-08T23:47:30","guid":{"rendered":"https:\/\/www.keyfortress.com.br\/?page_id=11381"},"modified":"2025-03-03T21:38:12","modified_gmt":"2025-03-04T02:38:12","slug":"criptografia-accesible","status":"publish","type":"page","link":"https:\/\/www.keyfortress.com\/latam\/producto\/workstation\/criptografia-accesible","title":{"rendered":"Criptograf\u00eda Accesible para Peque\u00f1as y Medianas Empresas"},"content":{"rendered":"<div class=\"wpb-content-wrapper\"><p>[vc_row css=\u00bb.vc_custom_1739037969167{margin-top: 90px !important;}\u00bb woodmart_css_id=\u00bb67a79cd9d2da6&#8243; responsive_spacing=\u00bbeyJwYXJhbV90eXBlIjoid29vZG1hcnRfcmVzcG9uc2l2ZV9zcGFjaW5nIiwic2VsZWN0b3JfaWQiOiI2N2E3OWNkOWQyZGE2Iiwic2hvcnRjb2RlIjoidmNfcm93IiwiZGF0YSI6eyJ0YWJsZXQiOnt9LCJtb2JpbGUiOnsibWFyZ2luLXRvcCI6IjYwcHgifX19&#8243; mobile_bg_img_hidden=\u00bbno\u00bb tablet_bg_img_hidden=\u00bbno\u00bb woodmart_parallax=\u00bb0&#8243; woodmart_gradient_switch=\u00bbno\u00bb woodmart_box_shadow=\u00bbno\u00bb wd_z_index=\u00bbno\u00bb woodmart_disable_overflow=\u00bb0&#8243; row_reverse_mobile=\u00bb0&#8243; row_reverse_tablet=\u00bb0&#8243;][vc_column width=\u00bb2\/3&#8243;][vc_column_text css=\u00bb\u00bb woodmart_inline=\u00bbno\u00bb text_larger=\u00bbyes\u00bb]<strong><a href=\"\/latam\/Home\">Inicio<\/a><\/strong> <span class=\"BxUVEf ILfuVd\" lang=\"es\"><span class=\"hgKElc\">\u00bb<\/span><\/span> <a href=\"\/latam\/producto\/workstation\"><strong>KeyFortress\u2122 Workstation<\/strong><\/a> <span class=\"BxUVEf ILfuVd\" lang=\"es\"><span class=\"hgKElc\">\u00bb<\/span><\/span> Caracter\u00edsticas[\/vc_column_text]\n\t\t<div id=\"wd-67c6601a9916b\" class=\"title-wrapper wd-wpb wd-set-mb reset-last-child  wd-rs-67c6601a9916b wd-title-color-default wd-title-style-default text-left  wd-underline-colored\">\n\t\t\t\t\t\t\t\n\t\t\t\t<div class=\"title-subtitle  subtitle-color-default font-default subtitle-style-default wd-font-weight- wd-fontsize-xs\">Las Peque\u00f1as y Medianas Empresas ahora pueden obtener todo el poder del cifrado y protecci\u00f3n de su informaci\u00f3n sin afectar su presupuesto.<\/div>\n\t\t\t\n\t\t\t<div class=\"liner-continer\">\n\t\t\t\t<h1 class=\"woodmart-title-container title  wd-font-weight- wd-fontsize-l\" >Criptograf\u00eda Accesible para Peque\u00f1as y Medianas Empresas<\/h1>\n\t\t\t\t\t\t\t<\/div>\n\t\t\t\n\t\t\t\n\t\t\t\n\t\t<\/div>\n\t\t\n\t\t[vc_row_inner][vc_column_inner][vc_column_text css=\u00bb\u00bb woodmart_inline=\u00bbno\u00bb text_larger=\u00bbyes\u00bb]<\/p>\n<div class=\"presented-response-container ng-tns-c3871741581-13\">\n<div class=\"response-container-content ng-tns-c3871741581-13\">\n<div class=\"response-content ng-tns-c3871741581-13\">\n<div id=\"model-response-message-contentr_a499ec753af44fb6\" class=\"markdown markdown-main-panel\" dir=\"ltr\">\n<p data-sourcepos=\"3:1-3:317\">El est\u00e1ndar de cifrado PGP ofrece una soluci\u00f3n econ\u00f3mica para proteger las comunicaciones y transferencias de datos empresariales sensibles. La accesibilidad de PGP se deriva de sus bases de c\u00f3digo abierto, lo que permite a las PYMES implementar medidas de seguridad robustas sin costosas tarifas de licencia.<\/p>\n<\/div>\n<\/div>\n<\/div>\n<\/div>\n<p>[\/vc_column_text][vc_single_image image=\u00bb12513&#8243; img_size=\u00bbfull\u00bb alignment=\u00bbcenter\u00bb style=\u00bbvc_box_rounded\u00bb css=\u00bb\u00bb parallax_scroll=\u00bbno\u00bb woodmart_inline=\u00bbno\u00bb][vc_column_text css=\u00bb\u00bb woodmart_inline=\u00bbno\u00bb text_larger=\u00bbyes\u00bb]<\/p>\n<div class=\"presented-response-container ng-tns-c3871741581-13\">\n<div class=\"response-container-content ng-tns-c3871741581-13\">\n<div class=\"response-content ng-tns-c3871741581-13\">\n<div id=\"model-response-message-contentr_a499ec753af44fb6\" class=\"markdown markdown-main-panel\" dir=\"ltr\">\n<p data-sourcepos=\"7:1-7:469\">La soluci\u00f3n de <strong><a href=\"https:\/\/www.keyfortress.com\/latam\/producto\/workstation\">KeyFortress Workstation<\/a><\/strong> ofrece un modelo de precios escalables que se ajustan a los presupuestos de empresas m\u00e1s peque\u00f1as, al mismo tiempo que proporcionan recursos esenciales como cifrado de correo electr\u00f3nico, protecci\u00f3n de archivos y firmas digitales.<\/p>\n<p data-sourcepos=\"7:1-7:469\">Para las PYMES, PGP ofrece un equilibrio ideal entre seguridad y accesibilidad. La tecnolog\u00eda permite a las empresas proteger los datos de los clientes, proteger la propiedad intelectual y mantener el cumplimiento de las normativas de protecci\u00f3n de datos. Los costos de implementaci\u00f3n siguen siendo manejables, ya que PGP se puede integrar con los clientes de correo electr\u00f3nico y los sistemas de archivos existentes sin requerir cambios extensos en la infraestructura.<\/p>\n<\/div>\n<\/div>\n<\/div>\n<\/div>\n<p>[\/vc_column_text]<div id=\"wd-67c66310a9bc5\" class=\" wd-rs-67c66310a9bc5  wd-button-wrapper text-center\"><a href=\"https:\/\/www.keyfortress.com\/latam\/contacto\/seacliente\" title=\"\" class=\"btn btn-style-default btn-shape-rectangle btn-size-default\">Quiero Cifrar mi Informaci\u00f3n<\/a><\/div>[\/vc_column_inner][\/vc_row_inner][vc_row_inner css=\u00bb.vc_custom_1741054697020{margin-top: 30px !important;}\u00bb woodmart_css_id=\u00bb67c662e6144e0&#8243; responsive_spacing=\u00bbeyJwYXJhbV90eXBlIjoid29vZG1hcnRfcmVzcG9uc2l2ZV9zcGFjaW5nIiwic2VsZWN0b3JfaWQiOiI2N2M2NjJlNjE0NGUwIiwic2hvcnRjb2RlIjoidmNfcm93X2lubmVyIiwiZGF0YSI6eyJ0YWJsZXQiOnt9LCJtb2JpbGUiOnt9fX0=\u00bb mobile_bg_img_hidden=\u00bbno\u00bb tablet_bg_img_hidden=\u00bbno\u00bb woodmart_parallax=\u00bb0&#8243; woodmart_gradient_switch=\u00bbno\u00bb woodmart_box_shadow=\u00bbno\u00bb wd_z_index=\u00bbno\u00bb woodmart_disable_overflow=\u00bb0&#8243; row_reverse_mobile=\u00bb0&#8243; row_reverse_tablet=\u00bb0&#8243;][vc_column_inner width=\u00bb1\/2&#8243;][vc_column_text css=\u00bb\u00bb woodmart_inline=\u00bbno\u00bb text_larger=\u00bbyes\u00bb]Las soluciones PGP accesibles para PYMES como <strong><a href=\"https:\/\/www.keyfortress.com\/latam\/producto\/workstation\">KeyFortress Workstation<\/a><\/strong> incluyen recursos como gesti\u00f3n automatizada de claves, interfaces f\u00e1ciles de usar y opciones de integraci\u00f3n en la nube. Estas herramientas simplifican el proceso de cifrado, manteniendo altos est\u00e1ndares de seguridad, lo que las hace particularmente adecuadas para empresas sin equipos dedicados de seguridad de TI.[\/vc_column_text][\/vc_column_inner][vc_column_inner width=\u00bb1\/2&#8243;][vc_column_text css=\u00bb\u00bb woodmart_inline=\u00bbno\u00bb text_larger=\u00bbyes\u00bb]A medida que las amenazas cibern\u00e9ticas contin\u00faan evolucionando, <strong><a href=\"https:\/\/www.keyfortress.com\/latam\/producto\/workstation\">KeyFortress Workstation<\/a><\/strong> ofrece a las PYMES un camino accesible hacia el cifrado de nivel profesional, asegurando que las restricciones presupuestarias no comprometan la seguridad de los datos en el entorno empresarial digital actual.[\/vc_column_text][\/vc_column_inner][\/vc_row_inner][\/vc_column][vc_column width=\u00bb1\/3&#8243; css=\u00bb.vc_custom_1738331078555{margin-top: 50px !important;}\u00bb woodmart_css_id=\u00bb679cd3c298512&#8243; parallax_scroll=\u00bbno\u00bb woodmart_sticky_column=\u00bbfalse\u00bb wd_collapsible_content_switcher=\u00bbno\u00bb wd_column_role_offcanvas_desktop=\u00bbno\u00bb wd_column_role_offcanvas_tablet=\u00bbno\u00bb wd_column_role_offcanvas_mobile=\u00bbno\u00bb wd_column_role_content_desktop=\u00bbno\u00bb wd_column_role_content_tablet=\u00bbno\u00bb wd_column_role_content_mobile=\u00bbno\u00bb mobile_bg_img_hidden=\u00bbno\u00bb tablet_bg_img_hidden=\u00bbno\u00bb woodmart_parallax=\u00bb0&#8243; woodmart_box_shadow=\u00bbno\u00bb responsive_spacing=\u00bbeyJwYXJhbV90eXBlIjoid29vZG1hcnRfcmVzcG9uc2l2ZV9zcGFjaW5nIiwic2VsZWN0b3JfaWQiOiI2NzljZDNjMjk4NTEyIiwic2hvcnRjb2RlIjoidmNfY29sdW1uIiwiZGF0YSI6eyJ0YWJsZXQiOnt9LCJtb2JpbGUiOnt9fX0=\u00bb mobile_reset_margin=\u00bbno\u00bb tablet_reset_margin=\u00bbno\u00bb wd_z_index=\u00bbno\u00bb]\n\t\t<div id=\"wd-67c65ffa3d681\" class=\"title-wrapper wd-wpb wd-set-mb reset-last-child  wd-rs-67c65ffa3d681 wd-title-color-default wd-title-style-default text-left  wd-underline-colored\">\n\t\t\t\n\t\t\t<div class=\"liner-continer\">\n\t\t\t\t<h4 class=\"woodmart-title-container title  wd-font-weight- wd-fontsize-l\" >\u00bfLe gustar\u00eda probar KeyFortress\u2122 Workstation?<\/h4>\n\t\t\t\t\t\t\t<\/div>\n\t\t\t\n\t\t\t\n\t\t\t\n\t\t<\/div>\n\t\t\n\t\t<div class=\"wpb-content-wrapper\">[vc_row][vc_column][vc_raw_html css=\"\"]JTNDc2NyaXB0JTIwc3JjJTNEJTIyaHR0cHMlM0ElMkYlMkZ3d3cuY29nbml0b2Zvcm1zLmNvbSUyRmYlMkZzZWFtbGVzcy5qcyUyMiUyMGRhdGEta2V5JTNEJTIyM0syZzdQelM5MG1LVWlSTkdUQ0dFZyUyMiUyMGRhdGEtZm9ybSUzRCUyMjI2JTIyJTNFJTNDJTJGc2NyaXB0JTNF[\/vc_raw_html][\/vc_column][\/vc_row]<\/div>[\/vc_column][\/vc_row]<\/p>\n<\/div>","protected":false},"excerpt":{"rendered":"<p>[vc_row css=\u00bb.vc_custom_1739037969167{margin-top: 90px !important;}\u00bb woodmart_css_id=\u00bb67a79cd9d2da6&#8243; responsive_spacing=\u00bbeyJwYXJhbV90eXBlIjoid29vZG1hcnRfcmVzcG9uc2l2ZV9zcGFjaW5nIiwic2VsZWN0b3JfaWQiOiI2N2E3OWNkOWQyZGE2Iiwic2hvcnRjb2RlIjoidmNfcm93IiwiZGF0YSI6eyJ0YWJsZXQiOnt9LCJtb2JpbGUiOnsibWFyZ2luLXRvcCI6IjYwcHgifX19&#8243; mobile_bg_img_hidden=\u00bbno\u00bb tablet_bg_img_hidden=\u00bbno\u00bb woodmart_parallax=\u00bb0&#8243; woodmart_gradient_switch=\u00bbno\u00bb woodmart_box_shadow=\u00bbno\u00bb wd_z_index=\u00bbno\u00bb woodmart_disable_overflow=\u00bb0&#8243; row_reverse_mobile=\u00bb0&#8243; row_reverse_tablet=\u00bb0&#8243;][vc_column width=\u00bb2\/3&#8243;][vc_column_text css=\u00bb\u00bb woodmart_inline=\u00bbno\u00bb text_larger=\u00bbyes\u00bb]Inicio \u00bb<\/p>\n","protected":false},"author":1,"featured_media":0,"parent":11752,"menu_order":0,"comment_status":"closed","ping_status":"closed","template":"","meta":{"inline_featured_image":false,"footnotes":""},"class_list":["post-11381","page","type-page","status-publish","hentry"],"_links":{"self":[{"href":"https:\/\/www.keyfortress.com\/latam\/wp-json\/wp\/v2\/pages\/11381","targetHints":{"allow":["GET"]}}],"collection":[{"href":"https:\/\/www.keyfortress.com\/latam\/wp-json\/wp\/v2\/pages"}],"about":[{"href":"https:\/\/www.keyfortress.com\/latam\/wp-json\/wp\/v2\/types\/page"}],"author":[{"embeddable":true,"href":"https:\/\/www.keyfortress.com\/latam\/wp-json\/wp\/v2\/users\/1"}],"replies":[{"embeddable":true,"href":"https:\/\/www.keyfortress.com\/latam\/wp-json\/wp\/v2\/comments?post=11381"}],"version-history":[{"count":18,"href":"https:\/\/www.keyfortress.com\/latam\/wp-json\/wp\/v2\/pages\/11381\/revisions"}],"predecessor-version":[{"id":12523,"href":"https:\/\/www.keyfortress.com\/latam\/wp-json\/wp\/v2\/pages\/11381\/revisions\/12523"}],"up":[{"embeddable":true,"href":"https:\/\/www.keyfortress.com\/latam\/wp-json\/wp\/v2\/pages\/11752"}],"wp:attachment":[{"href":"https:\/\/www.keyfortress.com\/latam\/wp-json\/wp\/v2\/media?parent=11381"}],"curies":[{"name":"wp","href":"https:\/\/api.w.org\/{rel}","templated":true}]}}