{"id":11387,"date":"2025-02-08T20:54:07","date_gmt":"2025-02-08T23:54:07","guid":{"rendered":"https:\/\/www.keyfortress.com.br\/?page_id=11387"},"modified":"2025-03-10T10:33:40","modified_gmt":"2025-03-10T15:33:40","slug":"pgp-host-to-host-financiero","status":"publish","type":"page","link":"https:\/\/www.keyfortress.com\/latam\/producto\/workstation\/pgp-host-to-host-financiero","title":{"rendered":"PGP Host-to-Host para el intercambio de informaci\u00f3n financiera"},"content":{"rendered":"<div class=\"wpb-content-wrapper\"><p>[vc_row css=\u00bb.vc_custom_1739037969167{margin-top: 90px !important;}\u00bb woodmart_css_id=\u00bb67a79cd9d2da6&#8243; responsive_spacing=\u00bbeyJwYXJhbV90eXBlIjoid29vZG1hcnRfcmVzcG9uc2l2ZV9zcGFjaW5nIiwic2VsZWN0b3JfaWQiOiI2N2E3OWNkOWQyZGE2Iiwic2hvcnRjb2RlIjoidmNfcm93IiwiZGF0YSI6eyJ0YWJsZXQiOnt9LCJtb2JpbGUiOnsibWFyZ2luLXRvcCI6IjYwcHgifX19&#8243; mobile_bg_img_hidden=\u00bbno\u00bb tablet_bg_img_hidden=\u00bbno\u00bb woodmart_parallax=\u00bb0&#8243; woodmart_gradient_switch=\u00bbno\u00bb woodmart_box_shadow=\u00bbno\u00bb wd_z_index=\u00bbno\u00bb woodmart_disable_overflow=\u00bb0&#8243; row_reverse_mobile=\u00bb0&#8243; row_reverse_tablet=\u00bb0&#8243;][vc_column width=\u00bb2\/3&#8243;][vc_column_text css=\u00bb\u00bb woodmart_inline=\u00bbno\u00bb text_larger=\u00bbyes\u00bb]<strong><a href=\"\/latam\/Home\">Inicio<\/a><\/strong> <span class=\"BxUVEf ILfuVd\" lang=\"es\"><span class=\"hgKElc\">\u00bb<\/span><\/span> <a href=\"\/latam\/producto\/workstation\"><strong>KeyFortress\u2122 Workstation<\/strong><\/a> <span class=\"BxUVEf ILfuVd\" lang=\"es\"><span class=\"hgKElc\">\u00bb<\/span><\/span> Caracter\u00edsticas[\/vc_column_text]\n\t\t<div id=\"wd-67c6680bda949\" class=\"title-wrapper wd-wpb wd-set-mb reset-last-child  wd-rs-67c6680bda949 wd-title-color-default wd-title-style-default text-left  wd-underline-colored\">\n\t\t\t\t\t\t\t\n\t\t\t\t<div class=\"title-subtitle  subtitle-color-default font-default subtitle-style-default wd-font-weight- wd-fontsize-xs\">Comunicaci\u00f3n y Transferencia de informaci\u00f3n y archivos bancarios v\u00eda Host-to-Host con PGP<\/div>\n\t\t\t\n\t\t\t<div class=\"liner-continer\">\n\t\t\t\t<h1 class=\"woodmart-title-container title  wd-font-weight- wd-fontsize-l\" >PGP Host-to-Host para el intercambio de informaci\u00f3n financiera<\/h1>\n\t\t\t\t\t\t\t<\/div>\n\t\t\t\n\t\t\t\n\t\t\t\n\t\t<\/div>\n\t\t\n\t\t[vc_row_inner][vc_column_inner][vc_column_text css=\u00bb\u00bb woodmart_inline=\u00bbno\u00bb text_larger=\u00bbyes\u00bb]Las conexiones bancarias host-to-host (H2H) han revolucionado la forma en que las instituciones financieras y los clientes corporativos intercambian datos, con el cifrado Pretty Good Privacy (PGP) emergiendo como la piedra angular de los protocolos de transmisi\u00f3n segura. Este est\u00e1ndar de cifrado robusto garantiza que las transacciones financieras confidenciales permanezcan confidenciales e inviolables durante la transmisi\u00f3n entre servidores bancarios y sistemas corporativos.[\/vc_column_text][vc_single_image image=\u00bb12744&#8243; img_size=\u00bbfull\u00bb alignment=\u00bbcenter\u00bb css=\u00bb.vc_custom_1741620811526{padding-top: 0px !important;padding-right: 0px !important;padding-bottom: 0px !important;padding-left: 0px !important;background-color: #EDEDED00 !important;}\u00bb parallax_scroll=\u00bbno\u00bb woodmart_inline=\u00bbno\u00bb][\/vc_column_inner][\/vc_row_inner][vc_row_inner][vc_column_inner width=\u00bb1\/2&#8243;]\n\t\t<div id=\"wd-67c66b051d65b\" class=\"title-wrapper wd-wpb wd-set-mb reset-last-child  wd-rs-67c66b051d65b wd-title-color-default wd-title-style-default text-left  wd-underline-colored\">\n\t\t\t\n\t\t\t<div class=\"liner-continer\">\n\t\t\t\t<h4 class=\"woodmart-title-container title  wd-font-weight- wd-fontsize-l\" >Cifrado asim\u00e9trico PGP en el sector bancario<\/h4>\n\t\t\t\t\t\t\t<\/div>\n\t\t\t\n\t\t\t\t\t\t\t<div class=\"title-after_title reset-last-child  wd-fontsize-xs\">En el sector bancario, el cifrado asim\u00e9trico PGP proporciona un marco de seguridad ideal para conexiones H2H. Al implementar PGP en entornos bancarios, cada parte mantiene pares de claves p\u00fablica y privada \u00fanicos. El remitente cifra los datos utilizando la clave p\u00fablica del destinatario, mientras que solo la clave privada del destinatario puede descifrar la informaci\u00f3n, estableciendo un t\u00fanel seguro para el intercambio de datos financieros.<\/div>\n\t\t\t\n\t\t\t\n\t\t<\/div>\n\t\t\n\t\t<div id=\"wd-67c66a4f1584e\" class=\" wd-rs-67c66a4f1584e  wd-button-wrapper wd-off-anim wpb_animate_when_almost_visible wpb_bounceIn bounceIn wd-anim-name_bounceIn text-left\"><a href=\"\/latam\/contacto\/seacliente\" title=\"\" class=\"btn btn-color-black btn-style-bordered btn-shape-rectangle btn-size-large\">Quiero enviar archivos cifrados a mi banco<\/a><\/div>[\/vc_column_inner][vc_column_inner width=\u00bb1\/2&#8243;]\n\t\t<div id=\"wd-67c66bfdc8ab9\" class=\"title-wrapper wd-wpb wd-set-mb reset-last-child  wd-rs-67c66bfdc8ab9 wd-title-color-default wd-title-style-default text-left  wd-underline-colored\">\n\t\t\t\n\t\t\t<div class=\"liner-continer\">\n\t\t\t\t<h4 class=\"woodmart-title-container title  wd-font-weight- wd-fontsize-l\" >Instrucciones de pago, extractos de cuenta y transferencias masivas<\/h4>\n\t\t\t\t\t\t\t<\/div>\n\t\t\t\n\t\t\t\t\t\t\t<div class=\"title-after_title reset-last-child  wd-fontsize-xs\">Las implementaciones bancarias H2H modernas utilizan PGP para proteger varios tipos de transacciones, incluidas instrucciones de pago, extractos de cuenta y transferencias masivas. La fortaleza del sistema reside en su capacidad para cifrar datos y proporcionar firmas digitales, lo que garantiza la autenticidad y el no repudio en el intercambio de los mensajes financieros.<\/p>\n<p>Las instituciones financieras valoran particularmente la compatibilidad de PGP con sistemas automatizados, lo que permite el procesamiento directo manteniendo la seguridad. Esta combinaci\u00f3n de seguridad y eficiencia convierte a PGP en un componente esencial en la arquitectura H2H bancaria, cumpliendo con los requisitos operativos y los est\u00e1ndares de cumplimiento normativo.<\/div>\n\t\t\t\n\t\t\t\n\t\t<\/div>\n\t\t\n\t\t[\/vc_column_inner][\/vc_row_inner][\/vc_column][vc_column width=\u00bb1\/3&#8243; css=\u00bb.vc_custom_1738331078555{margin-top: 50px !important;}\u00bb woodmart_css_id=\u00bb679cd3c298512&#8243; parallax_scroll=\u00bbno\u00bb woodmart_sticky_column=\u00bbfalse\u00bb wd_collapsible_content_switcher=\u00bbno\u00bb wd_column_role_offcanvas_desktop=\u00bbno\u00bb wd_column_role_offcanvas_tablet=\u00bbno\u00bb wd_column_role_offcanvas_mobile=\u00bbno\u00bb wd_column_role_content_desktop=\u00bbno\u00bb wd_column_role_content_tablet=\u00bbno\u00bb wd_column_role_content_mobile=\u00bbno\u00bb mobile_bg_img_hidden=\u00bbno\u00bb tablet_bg_img_hidden=\u00bbno\u00bb woodmart_parallax=\u00bb0&#8243; woodmart_box_shadow=\u00bbno\u00bb responsive_spacing=\u00bbeyJwYXJhbV90eXBlIjoid29vZG1hcnRfcmVzcG9uc2l2ZV9zcGFjaW5nIiwic2VsZWN0b3JfaWQiOiI2NzljZDNjMjk4NTEyIiwic2hvcnRjb2RlIjoidmNfY29sdW1uIiwiZGF0YSI6eyJ0YWJsZXQiOnt9LCJtb2JpbGUiOnt9fX0=\u00bb mobile_reset_margin=\u00bbno\u00bb tablet_reset_margin=\u00bbno\u00bb wd_z_index=\u00bbno\u00bb]\n\t\t<div id=\"wd-67c669fd78080\" class=\"title-wrapper wd-wpb wd-set-mb reset-last-child  wd-rs-67c669fd78080 wd-title-color-default wd-title-style-default text-left  wd-underline-colored\">\n\t\t\t\n\t\t\t<div class=\"liner-continer\">\n\t\t\t\t<h4 class=\"woodmart-title-container title  wd-font-weight- wd-fontsize-l\" >\u00bfInteresado(a) en usar KeyFortress\u2122 para cifrar informaci\u00f3n bancaria?<\/h4>\n\t\t\t\t\t\t\t<\/div>\n\t\t\t\n\t\t\t\n\t\t\t\n\t\t<\/div>\n\t\t\n\t\t<div class=\"wpb-content-wrapper\">[vc_row][vc_column][vc_raw_html css=\"\"]JTNDc2NyaXB0JTIwc3JjJTNEJTIyaHR0cHMlM0ElMkYlMkZ3d3cuY29nbml0b2Zvcm1zLmNvbSUyRmYlMkZzZWFtbGVzcy5qcyUyMiUyMGRhdGEta2V5JTNEJTIyM0syZzdQelM5MG1LVWlSTkdUQ0dFZyUyMiUyMGRhdGEtZm9ybSUzRCUyMjI2JTIyJTNFJTNDJTJGc2NyaXB0JTNF[\/vc_raw_html][\/vc_column][\/vc_row]<\/div>[\/vc_column][\/vc_row]<\/p>\n<\/div>","protected":false},"excerpt":{"rendered":"<p>[vc_row css=\u00bb.vc_custom_1739037969167{margin-top: 90px !important;}\u00bb woodmart_css_id=\u00bb67a79cd9d2da6&#8243; responsive_spacing=\u00bbeyJwYXJhbV90eXBlIjoid29vZG1hcnRfcmVzcG9uc2l2ZV9zcGFjaW5nIiwic2VsZWN0b3JfaWQiOiI2N2E3OWNkOWQyZGE2Iiwic2hvcnRjb2RlIjoidmNfcm93IiwiZGF0YSI6eyJ0YWJsZXQiOnt9LCJtb2JpbGUiOnsibWFyZ2luLXRvcCI6IjYwcHgifX19&#8243; mobile_bg_img_hidden=\u00bbno\u00bb tablet_bg_img_hidden=\u00bbno\u00bb woodmart_parallax=\u00bb0&#8243; woodmart_gradient_switch=\u00bbno\u00bb woodmart_box_shadow=\u00bbno\u00bb wd_z_index=\u00bbno\u00bb woodmart_disable_overflow=\u00bb0&#8243; row_reverse_mobile=\u00bb0&#8243; row_reverse_tablet=\u00bb0&#8243;][vc_column width=\u00bb2\/3&#8243;][vc_column_text css=\u00bb\u00bb woodmart_inline=\u00bbno\u00bb text_larger=\u00bbyes\u00bb]Inicio \u00bb<\/p>\n","protected":false},"author":1,"featured_media":0,"parent":11752,"menu_order":0,"comment_status":"closed","ping_status":"closed","template":"","meta":{"inline_featured_image":false,"footnotes":""},"class_list":["post-11387","page","type-page","status-publish","hentry"],"_links":{"self":[{"href":"https:\/\/www.keyfortress.com\/latam\/wp-json\/wp\/v2\/pages\/11387","targetHints":{"allow":["GET"]}}],"collection":[{"href":"https:\/\/www.keyfortress.com\/latam\/wp-json\/wp\/v2\/pages"}],"about":[{"href":"https:\/\/www.keyfortress.com\/latam\/wp-json\/wp\/v2\/types\/page"}],"author":[{"embeddable":true,"href":"https:\/\/www.keyfortress.com\/latam\/wp-json\/wp\/v2\/users\/1"}],"replies":[{"embeddable":true,"href":"https:\/\/www.keyfortress.com\/latam\/wp-json\/wp\/v2\/comments?post=11387"}],"version-history":[{"count":26,"href":"https:\/\/www.keyfortress.com\/latam\/wp-json\/wp\/v2\/pages\/11387\/revisions"}],"predecessor-version":[{"id":12746,"href":"https:\/\/www.keyfortress.com\/latam\/wp-json\/wp\/v2\/pages\/11387\/revisions\/12746"}],"up":[{"embeddable":true,"href":"https:\/\/www.keyfortress.com\/latam\/wp-json\/wp\/v2\/pages\/11752"}],"wp:attachment":[{"href":"https:\/\/www.keyfortress.com\/latam\/wp-json\/wp\/v2\/media?parent=11387"}],"curies":[{"name":"wp","href":"https:\/\/api.w.org\/{rel}","templated":true}]}}