{"id":11415,"date":"2025-02-14T12:26:57","date_gmt":"2025-02-14T15:26:57","guid":{"rendered":"https:\/\/www.keyfortress.com.br\/?page_id=11415"},"modified":"2025-03-03T19:27:19","modified_gmt":"2025-03-04T00:27:19","slug":"missionproduce","status":"publish","type":"page","link":"https:\/\/www.keyfortress.com\/latam\/clientes\/missionproduce","title":{"rendered":"Mission Produce escoge a KeyFortress para cifrar su informaci\u00f3n bancaria con PGP &#8211; Clientes e casos de sucesso"},"content":{"rendered":"<div class=\"wpb-content-wrapper\"><p>[vc_row css=\u00bb.vc_custom_1740880020210{margin-top: 120px !important;}\u00bb woodmart_css_id=\u00bb67c3b89217c6a\u00bb responsive_spacing=\u00bbeyJwYXJhbV90eXBlIjoid29vZG1hcnRfcmVzcG9uc2l2ZV9zcGFjaW5nIiwic2VsZWN0b3JfaWQiOiI2N2MzYjg5MjE3YzZhIiwic2hvcnRjb2RlIjoidmNfcm93IiwiZGF0YSI6eyJ0YWJsZXQiOnt9LCJtb2JpbGUiOnt9fX0=\u00bb mobile_bg_img_hidden=\u00bbno\u00bb tablet_bg_img_hidden=\u00bbno\u00bb woodmart_parallax=\u00bb0&#8243; woodmart_gradient_switch=\u00bbno\u00bb woodmart_box_shadow=\u00bbno\u00bb wd_z_index=\u00bbno\u00bb woodmart_disable_overflow=\u00bb0&#8243; row_reverse_mobile=\u00bb0&#8243; row_reverse_tablet=\u00bb0&#8243;][vc_column width=\u00bb2\/3&#8243;]\n\t\t<div id=\"wd-67c634edbd974\" class=\"title-wrapper wd-wpb wd-set-mb reset-last-child  wd-rs-67c634edbd974 wd-title-color-default wd-title-style-default text-left  wd-underline-colored\">\n\t\t\t\n\t\t\t<div class=\"liner-continer\">\n\t\t\t\t<h4 class=\"woodmart-title-container title  wd-font-weight-600 wd-fontsize-l\" >Mission Produce escoge a KeyFortress para cifrar su informaci\u00f3n bancaria con PGP<\/h4>\n\t\t\t\t\t\t\t<\/div>\n\t\t\t\n\t\t\t\t\t\t\t<div class=\"title-after_title reset-last-child  wd-fontsize-xs\">Conozca como Mission Produce protege sus \u00f3rdenes de pagos y archivos con el soporte de cifrado PGP y de KeyFortress\u2122 para trabajar con los principales bancos de Latinoam\u00e9rica.<\/div>\n\t\t\t\n\t\t\t\n\t\t<\/div>\n\t\t\n\t\t[vc_single_image image=\u00bb10084&#8243; img_size=\u00bbfull\u00bb alignment=\u00bbcenter\u00bb style=\u00bbvc_box_rounded\u00bb css=\u00bb.vc_custom_1739549183477{padding-top: 50px !important;padding-right: 50px !important;padding-bottom: 50px !important;padding-left: 50px !important;background-image: url(https:\/\/www.keyfortress.com\/latam\/wp-content\/uploads\/2025\/01\/missionproduce-bg.png?id=10094) !important;border-radius: 30px !important;}\u00bb parallax_scroll=\u00bbno\u00bb woodmart_inline=\u00bbno\u00bb][vc_column_text css=\u00bb\u00bb woodmart_inline=\u00bbno\u00bb text_larger=\u00bbyes\u00bb]La multinacional americana, <a href=\"https:\/\/missionproduce.com\/\"><strong>Mission Produce<\/strong><\/a>, l\u00edder mundial en distribuci\u00f3n de aguacates o paltas y mangos, escogi\u00f3 a <a href=\"\/latam\/producto\/workstation\"><strong>KeyFortress\u2122 Workstation<\/strong><\/a> (ex Encript PGP) para cifrar y proteger los archivos e informaci\u00f3n confidencial que intercambia con los principales bancos de Am\u00e9rica Latina.<\/p>\n<p data-sourcepos=\"3:1-3:405\">Este a\u00f1o, la multinacional americana fundada en 1983, <a href=\"https:\/\/missionproduce.com\/\"><strong>Mission Produce<\/strong><\/a> (stock: <a href=\"https:\/\/www.nasdaq.com\/es\/market-activity\/stocks\/avo\"><strong>AVO-NASDAQ<\/strong><\/a>), cumple 42 a\u00f1os siendo l\u00edder en la distribuci\u00f3n de frutas, contando con sus principales sedes en Estados Unidos, M\u00e9xico, Nueva Zelanda, Guatemala y Per\u00fa.<\/p>\n<p data-sourcepos=\"3:1-3:405\"><a href=\"https:\/\/missionproduce.com\/\"><strong>Mission Produce<\/strong><\/a> implement\u00f3 <a href=\"\/latam\/producto\/workstation\"><strong>KeyFortress\u2122 Workstation<\/strong><\/a> para garantizar el cifrado m\u00e1s robusto y seguro en el intercambio financiero de informaci\u00f3n.<\/p>\n<p data-sourcepos=\"3:1-3:405\"><a href=\"\/latam\/producto\/workstation\"><strong>KeyFortress\u2122 Workstation<\/strong><\/a> es la plataforma de cifrado PGP en reposo y protecci\u00f3n de informaci\u00f3n, l\u00edder en Am\u00e9rica Latina para procesos automatizados (sin intervenci\u00f3n humana) de cifrado y para la transferencia, gesti\u00f3n y env\u00edo de archivos (MFT) de forma segura.<\/p>\n<p data-sourcepos=\"3:1-3:405\"><a href=\"\/latam\/producto\/workstation\"><strong>KeyFortress\u2122 Workstation<\/strong><\/a> puede ser configurada como un RPA <span data-huuid=\"2939131922208649123\">(Robotic Process Automation) <\/span>de cifrado o encriptaci\u00f3n para garantizar el cifrado completo de la informaci\u00f3n confidencial de cualquier empresa u organizaci\u00f3n.<\/p>\n<p>[\/vc_column_text][\/vc_column][vc_column width=\u00bb1\/3&#8243;]\n\t\t<div id=\"wd-67c6384b2ab6d\" class=\"title-wrapper wd-wpb wd-set-mb reset-last-child  wd-rs-67c6384b2ab6d wd-title-color-default wd-title-style-default text-left  wd-underline-colored\">\n\t\t\t\n\t\t\t<div class=\"liner-continer\">\n\t\t\t\t<h4 class=\"woodmart-title-container title  wd-font-weight- wd-fontsize-l\" >Cont\u00e1ctenos y descubra c\u00f3mo KeyFortress puede ayudar a proteger la informaci\u00f3n de su empresa<\/h4>\n\t\t\t\t\t\t\t<\/div>\n\t\t\t\n\t\t\t\n\t\t\t\n\t\t<\/div>\n\t\t\n\t\t<div class=\"wpb-content-wrapper\">[vc_row][vc_column][vc_raw_html css=\"\"]JTNDc2NyaXB0JTIwc3JjJTNEJTIyaHR0cHMlM0ElMkYlMkZ3d3cuY29nbml0b2Zvcm1zLmNvbSUyRmYlMkZzZWFtbGVzcy5qcyUyMiUyMGRhdGEta2V5JTNEJTIyM0syZzdQelM5MG1LVWlSTkdUQ0dFZyUyMiUyMGRhdGEtZm9ybSUzRCUyMjI2JTIyJTNFJTNDJTJGc2NyaXB0JTNF[\/vc_raw_html][\/vc_column][\/vc_row]<\/div>[\/vc_column][\/vc_row][vc_row css=\u00bb.vc_custom_1739550788065{border-color: #BDBDBD00 !important;}\u00bb woodmart_css_id=\u00bb67af70345f783&#8243; responsive_spacing=\u00bbeyJwYXJhbV90eXBlIjoid29vZG1hcnRfcmVzcG9uc2l2ZV9zcGFjaW5nIiwic2VsZWN0b3JfaWQiOiI2N2FmNzAzNDVmNzgzIiwic2hvcnRjb2RlIjoidmNfcm93IiwiZGF0YSI6eyJ0YWJsZXQiOnt9LCJtb2JpbGUiOnt9fX0=\u00bb mobile_bg_img_hidden=\u00bbno\u00bb tablet_bg_img_hidden=\u00bbno\u00bb woodmart_parallax=\u00bb0&#8243; woodmart_gradient_switch=\u00bbno\u00bb woodmart_box_shadow=\u00bbno\u00bb wd_z_index=\u00bbno\u00bb woodmart_disable_overflow=\u00bb0&#8243; row_reverse_mobile=\u00bb0&#8243; row_reverse_tablet=\u00bb0&#8243;][vc_column width=\u00bb1\/2&#8243;]\t\t\t<div id=\"wd-67af78782cb1a\" class=\"testimonials vc_custom_1739552897076 wd-rs-67af78782cb1a testimon-style-info-top color-scheme- wd-fontsize-s  wd-wpb\">\n\t\t\t\t\n\t\t\t\t\t\t\t\t<div class=\" wd-grid-g\"  style=\"--wd-col-lg:1;--wd-col-md:1;--wd-col-sm:1;--wd-gap-lg:0px;\">\n\t\t\t\t\t\n\t\t\t\t\t\n<div class=\"wd-testimon wd-col\">\n\t<div class=\"wd-testimon-info\">\n\t\t\t\t\t<div class=\"wd-testimon-thumb\">\n\t\t\t\t<img loading=\"lazy\" decoding=\"async\" width=\"96\" height=\"96\" src=\"https:\/\/www.keyfortress.com\/latam\/wp-content\/uploads\/2025\/02\/mgutierrez.jpg\" class=\"testimonial-avatar-image\" alt=\"\" \/>\t\t\t<\/div>\n\t\t\n\t\t<div class=\"wd-testimon-bio\">\n\t\t\t\t\t\t\t<div class=\"wd-testimon-name title\">\n\t\t\t\t\tM\u00f3nica Gutierrez\t\t\t\t<\/div>\n\t\t\t\n\t\t\t\t\t\t\t<div class=\"wd-testimon-pos\">\n\t\t\t\t\tJefe de TI South &amp; Central America - Mission Produce\t\t\t\t<\/div>\n\t\t\t\n\t\t\t<div class=\"star-rating\">\n\t\t\t\t<span style=\"width:100%\"><\/span>\n\t\t\t<\/div>\n\t\t<\/div>\n\t<\/div>\n\n\t\t\t<div class=\"wd-testimon-text reset-last-child\">\n\t\t\tEncontramos con KeyFortress un excelente acompa\u00f1amiento, adem\u00e1s de una soluci\u00f3n econ\u00f3mica, intuitiva y r\u00e1pida de implementar para nuestro proyecto de cifrado e intercambio de informaci\u00f3n bancaria.\t\t<\/div>\n\t<\/div>\n\t\t\t\t\t\t\t\t\t<\/div>\n\n\t\t\t\t\t\t\t<\/div>\n\t\t[vc_column_text css=\u00bb\u00bb woodmart_inline=\u00bbno\u00bb text_larger=\u00bbyes\u00bb]<\/p>\n<p data-sourcepos=\"1:1-1:651\">Despu\u00e9s de una exhaustiva b\u00fasqueda de proveedores nacionales e internacionales con experiencia en protecci\u00f3n de informaci\u00f3n y criptograf\u00eda para proyectos bancarios,\u00a0<a href=\"https:\/\/missionproduce.com\/\"><strong>Mission Produce<\/strong><\/a> selecciono a <a href=\"\/latam\/producto\/workstation\"><strong>KeyFortress\u2122 Workstation<\/strong><\/a> como su tecnolog\u00eda de confianza para cifrar y descifrar toda la informaci\u00f3n financiera que intercambiar\u00eda con los principales bancos de Guatemala, Per\u00fa y Norteam\u00e9rica.<\/p>\n<p>[\/vc_column_text][\/vc_column][vc_column width=\u00bb1\/2&#8243; css=\u00bb.vc_custom_1739553077306{border-color: #8224E300 !important;}\u00bb woodmart_css_id=\u00bb67af79317d6ab\u00bb parallax_scroll=\u00bbno\u00bb woodmart_sticky_column=\u00bbfalse\u00bb wd_collapsible_content_switcher=\u00bbno\u00bb wd_column_role_offcanvas_desktop=\u00bbno\u00bb wd_column_role_offcanvas_tablet=\u00bbno\u00bb wd_column_role_offcanvas_mobile=\u00bbno\u00bb wd_column_role_content_desktop=\u00bbno\u00bb wd_column_role_content_tablet=\u00bbno\u00bb wd_column_role_content_mobile=\u00bbno\u00bb mobile_bg_img_hidden=\u00bbno\u00bb tablet_bg_img_hidden=\u00bbno\u00bb woodmart_parallax=\u00bb0&#8243; woodmart_box_shadow=\u00bbno\u00bb responsive_spacing=\u00bbeyJwYXJhbV90eXBlIjoid29vZG1hcnRfcmVzcG9uc2l2ZV9zcGFjaW5nIiwic2VsZWN0b3JfaWQiOiI2N2FmNzkzMTdkNmFiIiwic2hvcnRjb2RlIjoidmNfY29sdW1uIiwiZGF0YSI6eyJ0YWJsZXQiOnt9LCJtb2JpbGUiOnt9fX0=\u00bb mobile_reset_margin=\u00bbno\u00bb tablet_reset_margin=\u00bbno\u00bb wd_z_index=\u00bbno\u00bb][vc_column_text css=\u00bb.vc_custom_1741048036465{border-color: #3B3B3B00 !important;}\u00bb woodmart_inline=\u00bbno\u00bb text_larger=\u00bbyes\u00bb]<\/p>\n<h2>Caso de Uso con KeyFortress\u2122<\/h2>\n<p data-sourcepos=\"3:1-3:303\"><a href=\"https:\/\/missionproduce.com\/\"><strong>Mission Produce<\/strong><\/a> genera e intercambia informaci\u00f3n financiera con los principales bancos de la regi\u00f3n, para enviar \u00f3rdenes de pagos y otros documentos que deben permanecer protegidos y confidenciales.<\/p>\n<p data-sourcepos=\"3:1-3:303\">Desde la implementaci\u00f3n de <a href=\"\/latam\/producto\/workstation\"><strong>KeyFortress\u2122 Workstation<\/strong><\/a> (EncriptPGP) toda la informaci\u00f3n que intercambia con sus bancos se encuentran cifradas y protegidas con el est\u00e1ndar PGP. A su vez, los bancos le env\u00edan informaci\u00f3n cifrada con la clave p\u00fablica de <a href=\"https:\/\/missionproduce.com\/\"><strong>Mission Produce<\/strong><\/a> para que pueda ser transferida con total seguridad.<\/p>\n<h2 id=\"implementaciones-y-servicios-de-cifra-transfer\" class=\"wp-block-heading\">Implementaci\u00f3n de productos y servicios de KeyFortress\u2122<\/h2>\n<ul class=\"wp-block-list\">\n<li data-sourcepos=\"5:1-5:87\"><a href=\"https:\/\/www.keyfortress.com\/latam\/producto\/workstation\"><strong>Software de Servidor<\/strong><\/a> para Procesos de Cifrado y Descifrado PGP Automatizado.<\/li>\n<li data-sourcepos=\"6:1-6:59\"><a href=\"https:\/\/www.keyfortress.com\/latam\/producto\/certificados-pgp\"><strong>Certificados Digitales PGP<\/strong><\/a> (Pretty Good Privacy) con claves p\u00fablicas y claves privadas.<\/li>\n<li data-sourcepos=\"7:1-7:75\">API de Conexi\u00f3n Segura con TLS\/SSL para cifrado y protecci\u00f3n de datos en tr\u00e1nsito.<\/li>\n<li data-sourcepos=\"8:1-9:0\">M\u00f3dulo de criptograf\u00eda con conexi\u00f3n agn\u00f3stica\u00a0 a SFTP para la transferencia segura de archivos v\u00eda FTP en servidores Windows y Linux.<\/li>\n<\/ul>\n<p>[\/vc_column_text][\/vc_column][\/vc_row]<\/p>\n<\/div>","protected":false},"excerpt":{"rendered":"<p>[vc_row css=\u00bb.vc_custom_1740880020210{margin-top: 120px !important;}\u00bb woodmart_css_id=\u00bb67c3b89217c6a\u00bb responsive_spacing=\u00bbeyJwYXJhbV90eXBlIjoid29vZG1hcnRfcmVzcG9uc2l2ZV9zcGFjaW5nIiwic2VsZWN0b3JfaWQiOiI2N2MzYjg5MjE3YzZhIiwic2hvcnRjb2RlIjoidmNfcm93IiwiZGF0YSI6eyJ0YWJsZXQiOnt9LCJtb2JpbGUiOnt9fX0=\u00bb mobile_bg_img_hidden=\u00bbno\u00bb tablet_bg_img_hidden=\u00bbno\u00bb woodmart_parallax=\u00bb0&#8243; woodmart_gradient_switch=\u00bbno\u00bb woodmart_box_shadow=\u00bbno\u00bb wd_z_index=\u00bbno\u00bb woodmart_disable_overflow=\u00bb0&#8243; row_reverse_mobile=\u00bb0&#8243; row_reverse_tablet=\u00bb0&#8243;][vc_column width=\u00bb2\/3&#8243;][vc_single_image image=\u00bb10084&#8243; img_size=\u00bbfull\u00bb alignment=\u00bbcenter\u00bb style=\u00bbvc_box_rounded\u00bb<\/p>\n","protected":false},"author":1,"featured_media":0,"parent":11413,"menu_order":0,"comment_status":"closed","ping_status":"closed","template":"","meta":{"inline_featured_image":false,"footnotes":""},"class_list":["post-11415","page","type-page","status-publish","hentry"],"_links":{"self":[{"href":"https:\/\/www.keyfortress.com\/latam\/wp-json\/wp\/v2\/pages\/11415","targetHints":{"allow":["GET"]}}],"collection":[{"href":"https:\/\/www.keyfortress.com\/latam\/wp-json\/wp\/v2\/pages"}],"about":[{"href":"https:\/\/www.keyfortress.com\/latam\/wp-json\/wp\/v2\/types\/page"}],"author":[{"embeddable":true,"href":"https:\/\/www.keyfortress.com\/latam\/wp-json\/wp\/v2\/users\/1"}],"replies":[{"embeddable":true,"href":"https:\/\/www.keyfortress.com\/latam\/wp-json\/wp\/v2\/comments?post=11415"}],"version-history":[{"count":15,"href":"https:\/\/www.keyfortress.com\/latam\/wp-json\/wp\/v2\/pages\/11415\/revisions"}],"predecessor-version":[{"id":12482,"href":"https:\/\/www.keyfortress.com\/latam\/wp-json\/wp\/v2\/pages\/11415\/revisions\/12482"}],"up":[{"embeddable":true,"href":"https:\/\/www.keyfortress.com\/latam\/wp-json\/wp\/v2\/pages\/11413"}],"wp:attachment":[{"href":"https:\/\/www.keyfortress.com\/latam\/wp-json\/wp\/v2\/media?parent=11415"}],"curies":[{"name":"wp","href":"https:\/\/api.w.org\/{rel}","templated":true}]}}