{"id":13006,"date":"2025-08-03T13:46:41","date_gmt":"2025-08-03T18:46:41","guid":{"rendered":"https:\/\/www.keyfortress.com\/latam\/?page_id=13006"},"modified":"2025-11-05T21:04:26","modified_gmt":"2025-11-06T02:04:26","slug":"contrasenas-bloc-notas","status":"publish","type":"page","link":"https:\/\/www.keyfortress.com\/latam\/insights\/contrasenas-bloc-notas","title":{"rendered":"\u00bfSigues guardando tus contrase\u00f1as en bloc de notas?"},"content":{"rendered":"<div class=\"wpb-content-wrapper\"><p>[vc_row css=\u00bb.vc_custom_1754241690772{margin-top: 100px !important;}\u00bb woodmart_css_id=\u00bb688f9a801b8d9&#8243; responsive_spacing=\u00bbeyJwYXJhbV90eXBlIjoid29vZG1hcnRfcmVzcG9uc2l2ZV9zcGFjaW5nIiwic2VsZWN0b3JfaWQiOiI2ODhmOWE4MDFiOGQ5Iiwic2hvcnRjb2RlIjoidmNfcm93IiwiZGF0YSI6eyJ0YWJsZXQiOnt9LCJtb2JpbGUiOnt9fX0=\u00bb mobile_bg_img_hidden=\u00bbno\u00bb tablet_bg_img_hidden=\u00bbno\u00bb woodmart_parallax=\u00bb0&#8243; woodmart_gradient_switch=\u00bbno\u00bb woodmart_box_shadow=\u00bbno\u00bb wd_z_index=\u00bbno\u00bb woodmart_disable_overflow=\u00bb0&#8243; row_reverse_mobile=\u00bb0&#8243; row_reverse_tablet=\u00bb0&#8243;][vc_column width=\u00bb2\/3&#8243; css=\u00bb.vc_custom_1754242379720{margin-right: 20px !important;}\u00bb woodmart_css_id=\u00bb688f9d3ecf70b\u00bb parallax_scroll=\u00bbno\u00bb woodmart_sticky_column=\u00bbfalse\u00bb wd_collapsible_content_switcher=\u00bbno\u00bb wd_column_role_offcanvas_desktop=\u00bbno\u00bb wd_column_role_offcanvas_tablet=\u00bbno\u00bb wd_column_role_offcanvas_mobile=\u00bbno\u00bb wd_column_role_content_desktop=\u00bbno\u00bb wd_column_role_content_tablet=\u00bbno\u00bb wd_column_role_content_mobile=\u00bbno\u00bb mobile_bg_img_hidden=\u00bbno\u00bb tablet_bg_img_hidden=\u00bbno\u00bb woodmart_parallax=\u00bb0&#8243; woodmart_box_shadow=\u00bbno\u00bb responsive_spacing=\u00bbeyJwYXJhbV90eXBlIjoid29vZG1hcnRfcmVzcG9uc2l2ZV9zcGFjaW5nIiwic2VsZWN0b3JfaWQiOiI2ODhmOWQzZWNmNzBiIiwic2hvcnRjb2RlIjoidmNfY29sdW1uIiwiZGF0YSI6eyJ0YWJsZXQiOnt9LCJtb2JpbGUiOnt9fX0=\u00bb mobile_reset_margin=\u00bbno\u00bb tablet_reset_margin=\u00bbno\u00bb wd_z_index=\u00bbno\u00bb][vc_column_text css=\u00bb\u00bb woodmart_inline=\u00bbno\u00bb text_larger=\u00bbno\u00bb]<\/p>\n<p><a href=\"\/latam\/Home\"><strong>Portada<\/strong><\/a> \u00bb <a href=\"\/latam\/insights\"><strong>Insights<\/strong><\/a> \u00bb<\/p>\n<p>[\/vc_column_text]\n\t\t<div id=\"wd-68901553e2eba\" class=\"title-wrapper wd-wpb wd-set-mb reset-last-child  wd-rs-68901553e2eba wd-title-color-alt wd-title-style-simple text-left  wd-underline-colored\">\n\t\t\t\t\t\t\t\n\t\t\t\t<div class=\"title-subtitle  subtitle-color-alt font-default subtitle-style-default wd-font-weight- wd-fontsize-m\">El vector de ataque m\u00e1s frecuente, somos nosotros, los trabajadores.<\/div>\n\t\t\t\n\t\t\t<div class=\"liner-continer\">\n\t\t\t\t<h4 class=\"woodmart-title-container title  wd-font-weight- wd-fontsize-xxxl\" >\u00bfSigues guardando tus contrase\u00f1as en bloc de notas?<\/h4>\n\t\t\t\t\t\t\t<\/div>\n\t\t\t\n\t\t\t\n\t\t\t\n\t\t<\/div>\n\t\t\n\t\t[vc_column_text css=\u00bb\u00bb woodmart_inline=\u00bbno\u00bb text_larger=\u00bbyes\u00bb]<img loading=\"lazy\" decoding=\"async\" class=\"alignright wp-image-13012 \" src=\"https:\/\/www.keyfortress.com\/latam\/wp-content\/uploads\/2025\/08\/una-contrasena-99028a0b6d05143c-400x195.jpg\" alt=\"No guardes contrase\u00f1as en bloc de notas. Protecci\u00f3n y gesti\u00f3n contrase\u00f1as\" width=\"289\" height=\"141\" srcset=\"https:\/\/www.keyfortress.com\/latam\/wp-content\/uploads\/2025\/08\/una-contrasena-99028a0b6d05143c-400x195.jpg 400w, https:\/\/www.keyfortress.com\/latam\/wp-content\/uploads\/2025\/08\/una-contrasena-99028a0b6d05143c-430x210.jpg 430w, https:\/\/www.keyfortress.com\/latam\/wp-content\/uploads\/2025\/08\/una-contrasena-99028a0b6d05143c-150x73.jpg 150w, https:\/\/www.keyfortress.com\/latam\/wp-content\/uploads\/2025\/08\/una-contrasena-99028a0b6d05143c.jpg 600w\" sizes=\"auto, (max-width: 289px) 100vw, 289px\" \/>Una de las formas m\u00e1s frecuentes de robarnos informaci\u00f3n es accediendo o intuyendo contrase\u00f1as fr\u00e1giles y descuidadas. De esta forma es f\u00e1cil caer en Phishing y Ataques de Fuerza Bruta. En esta entrega, te recomendar\u00e9 c\u00f3mo protegerte, teniendo contrase\u00f1as robustas para cada acceso y sobre todo sin tener que acordarte de ellas.<\/p>\n<h2><img loading=\"lazy\" decoding=\"async\" class=\"alignnone wp-image-12982 size-full\" src=\"https:\/\/www.keyfortress.com\/latam\/wp-content\/uploads\/2025\/08\/boletin-amosquera-990451028a028a3c.png\" alt=\"Andrea Mosquera, Especialista KeyFortress\" width=\"225\" height=\"80\" srcset=\"https:\/\/www.keyfortress.com\/latam\/wp-content\/uploads\/2025\/08\/boletin-amosquera-990451028a028a3c.png 225w, https:\/\/www.keyfortress.com\/latam\/wp-content\/uploads\/2025\/08\/boletin-amosquera-990451028a028a3c-150x53.png 150w\" sizes=\"auto, (max-width: 225px) 100vw, 225px\" \/><\/h2>\n<h2>Una contrase\u00f1a que abre todas las puertas<\/h2>\n<p>\ud83d\udd11\u00a0Imagina abrir todas tus puertas (aplicaciones, sistemas, servicios) con una \u00fanica contrase\u00f1a inteligente. As\u00ed funcionan hoy los <a href=\"https:\/\/www.keyfortress.com\/latam\/producto\/handvault\"><strong>gestores de contrase\u00f1as e identidades<\/strong><\/a>. Son f\u00e1ciles de usar, econ\u00f3micamente accesibles y muy seguras.<\/p>\n<p>\ud83e\udde0\u00a0<strong>El principio es sencillo<\/strong>. Una sola contrase\u00f1a, la que si debes recordar, puede activar y generar otras contrase\u00f1as dif\u00edciles, seguras y que ni siquiera tengas que recordar.<\/p>\n<p>\ud83d\udcf2 <a href=\"https:\/\/www.keyfortress.com\/latam\/producto\/handvault\"><strong>Una aplicaci\u00f3n que funciona<\/strong><\/a> en tu computador, tablet o celular se integra a tu browser\/navegador para que intuitivamente llene los campos de usuario y contrase\u00f1a.<\/p>\n<p>\ud83d\udd12<strong>Cuando debas generar<\/strong> o actualizar una contrase\u00f1a, <strong><a href=\"https:\/\/www.keyfortress.com\/latam\/producto\/handvault\">el gestor de contrase\u00f1as<\/a><\/strong> lo har\u00e1 por ti, creando contrase\u00f1as seguras que ni siquiera tengas que recordar.<\/p>\n<h2>Olv\u00eddate del 123456&#8230;<\/h2>\n<p><img loading=\"lazy\" decoding=\"async\" class=\"alignleft wp-image-13013\" src=\"https:\/\/www.keyfortress.com\/latam\/wp-content\/uploads\/2025\/08\/contrasenas-seguras-990000079e01453c-400x220.jpg\" alt=\"Protecci\u00f3n y gesti\u00f3n de contrase\u00f1as con aplicaci\u00f3n segura\" width=\"200\" height=\"110\" srcset=\"https:\/\/www.keyfortress.com\/latam\/wp-content\/uploads\/2025\/08\/contrasenas-seguras-990000079e01453c-400x220.jpg 400w, https:\/\/www.keyfortress.com\/latam\/wp-content\/uploads\/2025\/08\/contrasenas-seguras-990000079e01453c-430x237.jpg 430w, https:\/\/www.keyfortress.com\/latam\/wp-content\/uploads\/2025\/08\/contrasenas-seguras-990000079e01453c-150x83.jpg 150w, https:\/\/www.keyfortress.com\/latam\/wp-content\/uploads\/2025\/08\/contrasenas-seguras-990000079e01453c.jpg 480w\" sizes=\"auto, (max-width: 200px) 100vw, 200px\" \/>\ud83d\ude27 Los cibercriminales han creado herramientas autom\u00e1ticas para identificar y capturar contrase\u00f1as sencillas. Cuando ingresan a tu computador, escanean los archivos de Bloc de Notas, porque saben que tienen \u00aboro\u00bb y todas tus credenciales dentro.<\/p>\n<p>\ud83d\udeab <strong>Repetir contrase\u00f1as es una MALA IDEA<\/strong>. Como humanos, no podemos guardar tantas contrase\u00f1as diferentes en nuestra mente, por ello un <a href=\"https:\/\/www.keyfortress.com\/latam\/producto\/handvault\"><strong>Gestor de Contrase\u00f1as<\/strong><\/a> es la mejor opci\u00f3n.<\/p>\n<h2>Para usuarios novatos o avanzados<\/h2>\n<p><img loading=\"lazy\" decoding=\"async\" class=\"alignleft wp-image-13014\" src=\"https:\/\/www.keyfortress.com\/latam\/wp-content\/uploads\/2025\/08\/contrasenas-usuarios-990000079e01453c-348x300.jpg\" alt=\"Proteger contrase\u00f1as con sistema o aplicaci\u00f3n\" width=\"200\" height=\"172\" srcset=\"https:\/\/www.keyfortress.com\/latam\/wp-content\/uploads\/2025\/08\/contrasenas-usuarios-990000079e01453c-348x300.jpg 348w, https:\/\/www.keyfortress.com\/latam\/wp-content\/uploads\/2025\/08\/contrasenas-usuarios-990000079e01453c-430x371.jpg 430w, https:\/\/www.keyfortress.com\/latam\/wp-content\/uploads\/2025\/08\/contrasenas-usuarios-990000079e01453c-150x129.jpg 150w, https:\/\/www.keyfortress.com\/latam\/wp-content\/uploads\/2025\/08\/contrasenas-usuarios-990000079e01453c.jpg 480w\" sizes=\"auto, (max-width: 200px) 100vw, 200px\" \/>\ud83d\udca1Los <a href=\"https:\/\/www.keyfortress.com\/latam\/producto\/handvault\"><strong>gestores de contrase\u00f1as<\/strong><\/a> no son exclusivos para gente de TI o expertos en seguridad. Hoy est\u00e1n al alcance de cualquier usuario, ya que somos nosotros los responsables de proteger nuestra propia informaci\u00f3n.<\/p>\n<p>\ud83d\udea8<strong>\u00bfPiensas que no manejas informaci\u00f3n tan importante y la seguridad no te preocupa?;<\/strong> debes considerar que las cadenas de seguridad se rompen por el lado m\u00e1s d\u00e9bil (t\u00fa) y aunque no seas el objetivo final, la informaci\u00f3n confidencial de tu empresa si lo es y los criminales llegan a ella a trav\u00e9s de ti.[\/vc_column_text][\/vc_column][vc_column width=\u00bb1\/3&#8243;]\n\t\t<div id=\"wd-688f9b75cbbb8\" class=\"title-wrapper wd-wpb wd-set-mb reset-last-child  wd-rs-688f9b75cbbb8 wd-title-color-default wd-title-style-default text-left  wd-underline-colored\">\n\t\t\t\n\t\t\t<div class=\"liner-continer\">\n\t\t\t\t<h4 class=\"woodmart-title-container title  wd-font-weight- wd-fontsize-l\" >Cont\u00e1ctanos para asistirte<\/h4>\n\t\t\t\t\t\t\t<\/div>\n\t\t\t\n\t\t\t\n\t\t\t\n\t\t<\/div>\n\t\t\n\t\t<div class=\"wpb-content-wrapper\">[vc_row][vc_column][vc_raw_html css=\"\"]JTNDc2NyaXB0JTIwc3JjJTNEJTIyaHR0cHMlM0ElMkYlMkZ3d3cuY29nbml0b2Zvcm1zLmNvbSUyRmYlMkZzZWFtbGVzcy5qcyUyMiUyMGRhdGEta2V5JTNEJTIyM0syZzdQelM5MG1LVWlSTkdUQ0dFZyUyMiUyMGRhdGEtZm9ybSUzRCUyMjI2JTIyJTNFJTNDJTJGc2NyaXB0JTNF[\/vc_raw_html][\/vc_column][\/vc_row]<\/div>[\/vc_column][vc_column]\n\t\t<div id=\"wd-688fb7ed1c937\" class=\"title-wrapper wd-wpb wd-set-mb reset-last-child  wd-rs-688fb7ed1c937 wd-title-color-primary wd-title-style-simple text-left  wd-underline-colored\">\n\t\t\t\n\t\t\t<div class=\"liner-continer\">\n\t\t\t\t<h4 class=\"woodmart-title-container title  wd-font-weight- wd-fontsize-m\" >No te las puedes perder ...<\/h4>\n\t\t\t\t\t\t\t<\/div>\n\t\t\t\n\t\t\t\n\t\t\t\n\t\t<\/div>\n\t\t\n\t\t<style data-type=\"vc_shortcodes-custom-css\">.wd-rs-688fb71057170 .btn{font-family: \"Manrope\", Arial, Helvetica, sans-serif;text-transform: none;}.wd-rs-688fb767e52d1 .btn{font-family: \"Manrope\", Arial, Helvetica, sans-serif;text-transform: none;}.wd-rs-688fb9246cd75 .btn{font-family: \"Manrope\", Arial, Helvetica, sans-serif;text-transform: none;}.wd-rs-688fba2a02f7a .btn{font-family: \"Manrope\", Arial, Helvetica, sans-serif;text-transform: none;}.wd-rs-688fba3892a4a .btn{font-family: \"Manrope\", Arial, Helvetica, sans-serif;text-transform: none;}.wd-rs-68900b8ca1aac .btn{font-family: \"Manrope\", Arial, Helvetica, sans-serif;text-transform: none;}<\/style><div class=\"wpb-content-wrapper\">[vc_row][vc_column width=\"1\/3\"][vc_column_text css=\"\" woodmart_inline=\"no\" text_larger=\"no\"]\r\n<h3><strong><img loading=\"lazy\" decoding=\"async\" class=\"alignleft wp-image-13029\" src=\"https:\/\/www.keyfortress.com\/latam\/wp-content\/uploads\/2025\/08\/criptografia-postcuantica.png\" alt=\"criptografia-postcuantica\" width=\"35\" height=\"35\" \/>Criptograf\u00eda Post-Cu\u00e1ntica (PQC) para sus Negocio<\/strong><\/h3>\r\nPara hablar de computaci\u00f3n cu\u00e1ntica y criptograf\u00eda post-cu\u00e1ntica (PQC) es necesario entender ...[\/vc_column_text]<div id=\"wd-688fb71057170\" class=\" wd-rs-688fb71057170  wd-button-wrapper text-left\"><a href=\"\/latam\/producto\/workstation\/criptografia-postcuantica-pqc\" title=\"\" class=\"btn btn-color-primary btn-style-link btn-shape-rectangle btn-size-large btn-icon-pos-left\">Continuar leyendo<span class=\"wd-btn-icon\"><span class=\"wd-icon fas fa-angle-double-down\"><\/span><\/span><\/a><\/div>[vc_empty_space height=\"50px\" woodmart_hide_large=\"0\" woodmart_hide_medium=\"0\" woodmart_hide_small=\"0\"][\/vc_column][vc_column width=\"1\/3\"][vc_column_text css=\"\" woodmart_inline=\"no\" text_larger=\"no\"]\r\n<h3><strong><img loading=\"lazy\" decoding=\"async\" class=\"alignleft wp-image-13030\" src=\"https:\/\/www.keyfortress.com\/latam\/wp-content\/uploads\/2025\/08\/certificados-pgp-bancos.png\" alt=\"certificados-pgp-bancos\" width=\"35\" height=\"35\" \/>Certificados Digitales PGP para Bancos<\/strong><\/h3>\r\nEl est\u00e1ndar m\u00e1s usado para cifrar informaci\u00f3n y archivos de manera segura y confidencial es el cifrado PGP...[\/vc_column_text]<div id=\"wd-688fb767e52d1\" class=\" wd-rs-688fb767e52d1  wd-button-wrapper text-left\"><a href=\"\/latam\/producto\/certificados-pgp\/certificados-digitales-pgp-bancos\" title=\"\" class=\"btn btn-color-primary btn-style-link btn-shape-rectangle btn-size-large btn-icon-pos-left\">Continuar leyendo<span class=\"wd-btn-icon\"><span class=\"wd-icon fas fa-angle-double-down\"><\/span><\/span><\/a><\/div>[vc_empty_space height=\"50px\" woodmart_hide_large=\"0\" woodmart_hide_medium=\"0\" woodmart_hide_small=\"0\"][\/vc_column][vc_column width=\"1\/3\"][vc_column_text css=\"\" woodmart_inline=\"no\" text_larger=\"no\"]\r\n<h3><strong><img loading=\"lazy\" decoding=\"async\" class=\"alignleft wp-image-13032\" src=\"https:\/\/www.keyfortress.com\/latam\/wp-content\/uploads\/2025\/08\/host2host-bancos-financieros.png\" alt=\"host2host-bancos-financieros\" width=\"35\" height=\"35\" \/>Host-to-Host para el intercambio financiero<\/strong><\/h3>\r\nH2H ha revolucionado la forma en que las instituciones financieras y los clientes intercambian datos...[\/vc_column_text]<div id=\"wd-688fb9246cd75\" class=\" wd-rs-688fb9246cd75  wd-button-wrapper text-left\"><a href=\"\/latam\/producto\/workstation\/pgp-host-to-host-financiero\" title=\"\" class=\"btn btn-color-primary btn-style-link btn-shape-rectangle btn-size-large btn-icon-pos-left\">Continuar leyendo<span class=\"wd-btn-icon\"><span class=\"wd-icon fas fa-angle-double-down\"><\/span><\/span><\/a><\/div>[vc_empty_space height=\"50px\" woodmart_hide_large=\"0\" woodmart_hide_medium=\"0\" woodmart_hide_small=\"0\"][\/vc_column][\/vc_row][vc_row][vc_column width=\"1\/3\"][vc_column_text css=\"\" woodmart_inline=\"no\" text_larger=\"no\"]\r\n<h3><strong><img loading=\"lazy\" decoding=\"async\" class=\"alignleft wp-image-13033\" src=\"https:\/\/www.keyfortress.com\/latam\/wp-content\/uploads\/2025\/08\/cifrar-archivos.png\" alt=\"cifrar-archivos\" width=\"35\" height=\"35\" \/>No env\u00edes ni compartas archivos sin cifrarlos<\/strong><\/h3>\r\nEl principal peligro de la llegada de la computaci\u00f3n cu\u00e1ntica es que la seguridad que hoy conocemos ser\u00e1 vulnerable...[\/vc_column_text]<div id=\"wd-688fba2a02f7a\" class=\" wd-rs-688fba2a02f7a  wd-button-wrapper text-left\"><a href=\"\/latam\/insights\/no-envies-archivos-sin-cifrarlos\" title=\"\" class=\"btn btn-color-primary btn-style-link btn-shape-rectangle btn-size-large btn-icon-pos-left\">Continuar leyendo<span class=\"wd-btn-icon\"><span class=\"wd-icon fas fa-angle-double-down\"><\/span><\/span><\/a><\/div>[vc_empty_space height=\"50px\" woodmart_hide_large=\"0\" woodmart_hide_medium=\"0\" woodmart_hide_small=\"0\"][\/vc_column][vc_column width=\"1\/3\"][vc_column_text css=\"\" woodmart_inline=\"no\" text_larger=\"no\"]\r\n<h3><strong><img loading=\"lazy\" decoding=\"async\" class=\"alignleft wp-image-13034\" src=\"https:\/\/www.keyfortress.com\/latam\/wp-content\/uploads\/2025\/08\/gestor-contrasenas.png\" alt=\"gestor-generador-contrasenas\" width=\"35\" height=\"35\" \/>No guardes tus contrase\u00f1as en bloc de notas<\/strong><\/h3>\r\nUna de las formas m\u00e1s frecuentes de robarnos informaci\u00f3n es accediendo o intuyendo contrase\u00f1as fr\u00e1giles y descuidadas...[\/vc_column_text]<div id=\"wd-688fba3892a4a\" class=\" wd-rs-688fba3892a4a  wd-button-wrapper text-left\"><a href=\"\/latam\/insights\/contrasenas-bloc-notas\" title=\"\" class=\"btn btn-color-primary btn-style-link btn-shape-rectangle btn-size-large btn-icon-pos-left\">Continuar leyendo<span class=\"wd-btn-icon\"><span class=\"wd-icon fas fa-angle-double-down\"><\/span><\/span><\/a><\/div>[vc_empty_space height=\"50px\" woodmart_hide_large=\"0\" woodmart_hide_medium=\"0\" woodmart_hide_small=\"0\"][\/vc_column][vc_column width=\"1\/3\"][vc_column_text css=\"\" woodmart_inline=\"no\" text_larger=\"no\"]\r\n<h3><strong><img loading=\"lazy\" decoding=\"async\" class=\"alignleft wp-image-13041\" src=\"https:\/\/www.keyfortress.com\/latam\/wp-content\/uploads\/2025\/08\/proteger-usuarios-finales.png\" alt=\"proteger-usuarios-finales\" width=\"35\" height=\"35\" \/>Proteger usuarios finales para evitar ataques<\/strong><\/h3>\r\nLos antivirus han evolucionados a herramientas m\u00e1s sofisticadas no solo para proteger a sus usuarios m\u00e1s vulnerables sino....[\/vc_column_text]<div id=\"wd-68900b8ca1aac\" class=\" wd-rs-68900b8ca1aac  wd-button-wrapper text-left\"><a href=\"\/latam\/insights\/proteger-usuarios-finales-evitar-ataques\" title=\"\" class=\"btn btn-color-primary btn-style-link btn-shape-rectangle btn-size-large btn-icon-pos-left\">Continuar leyendo<span class=\"wd-btn-icon\"><span class=\"wd-icon fas fa-angle-double-down\"><\/span><\/span><\/a><\/div>[vc_empty_space height=\"50px\" woodmart_hide_large=\"0\" woodmart_hide_medium=\"0\" woodmart_hide_small=\"0\"][\/vc_column][\/vc_row]<\/div>[\/vc_column][\/vc_row]<\/p>\n<\/div>","protected":false},"excerpt":{"rendered":"<p>[vc_row css=\u00bb.vc_custom_1754241690772{margin-top: 100px !important;}\u00bb woodmart_css_id=\u00bb688f9a801b8d9&#8243; responsive_spacing=\u00bbeyJwYXJhbV90eXBlIjoid29vZG1hcnRfcmVzcG9uc2l2ZV9zcGFjaW5nIiwic2VsZWN0b3JfaWQiOiI2ODhmOWE4MDFiOGQ5Iiwic2hvcnRjb2RlIjoidmNfcm93IiwiZGF0YSI6eyJ0YWJsZXQiOnt9LCJtb2JpbGUiOnt9fX0=\u00bb mobile_bg_img_hidden=\u00bbno\u00bb tablet_bg_img_hidden=\u00bbno\u00bb woodmart_parallax=\u00bb0&#8243; woodmart_gradient_switch=\u00bbno\u00bb woodmart_box_shadow=\u00bbno\u00bb wd_z_index=\u00bbno\u00bb woodmart_disable_overflow=\u00bb0&#8243; row_reverse_mobile=\u00bb0&#8243; row_reverse_tablet=\u00bb0&#8243;][vc_column width=\u00bb2\/3&#8243; css=\u00bb.vc_custom_1754242379720{margin-right: 20px !important;}\u00bb woodmart_css_id=\u00bb688f9d3ecf70b\u00bb<\/p>\n","protected":false},"author":1,"featured_media":0,"parent":10949,"menu_order":0,"comment_status":"closed","ping_status":"closed","template":"","meta":{"inline_featured_image":false,"footnotes":""},"class_list":["post-13006","page","type-page","status-publish","hentry"],"_links":{"self":[{"href":"https:\/\/www.keyfortress.com\/latam\/wp-json\/wp\/v2\/pages\/13006","targetHints":{"allow":["GET"]}}],"collection":[{"href":"https:\/\/www.keyfortress.com\/latam\/wp-json\/wp\/v2\/pages"}],"about":[{"href":"https:\/\/www.keyfortress.com\/latam\/wp-json\/wp\/v2\/types\/page"}],"author":[{"embeddable":true,"href":"https:\/\/www.keyfortress.com\/latam\/wp-json\/wp\/v2\/users\/1"}],"replies":[{"embeddable":true,"href":"https:\/\/www.keyfortress.com\/latam\/wp-json\/wp\/v2\/comments?post=13006"}],"version-history":[{"count":15,"href":"https:\/\/www.keyfortress.com\/latam\/wp-json\/wp\/v2\/pages\/13006\/revisions"}],"predecessor-version":[{"id":13151,"href":"https:\/\/www.keyfortress.com\/latam\/wp-json\/wp\/v2\/pages\/13006\/revisions\/13151"}],"up":[{"embeddable":true,"href":"https:\/\/www.keyfortress.com\/latam\/wp-json\/wp\/v2\/pages\/10949"}],"wp:attachment":[{"href":"https:\/\/www.keyfortress.com\/latam\/wp-json\/wp\/v2\/media?parent=13006"}],"curies":[{"name":"wp","href":"https:\/\/api.w.org\/{rel}","templated":true}]}}